{"id":125,"date":"2018-02-01T11:45:30","date_gmt":"2018-02-01T10:45:30","guid":{"rendered":"http:\/\/new-taipei-city2018.aic-iac.org\/?page_id=125"},"modified":"2018-03-09T15:29:03","modified_gmt":"2018-03-09T14:29:03","slug":"pre-and-post-congress","status":"publish","type":"page","link":"https:\/\/new-taipei-city2018.aic-iac.org\/en\/program\/pre-and-post-congress\/","title":{"rendered":"Pre and post Congress","raw":"Pre and post Congress"},"content":{"rendered":"<table>\n<tbody>\n<tr>\n<td>\n<div id=\"attachment_127\" style=\"width: 950px\" class=\"wp-caption alignnone\"><img loading=\"lazy\" decoding=\"async\" aria-describedby=\"caption-attachment-127\" class=\"wp-image-127 size-large\" src=\"https:\/\/new-taipei-city2018.aic-iac.org\/wp-content\/uploads\/sites\/3\/2018\/02\/Tarko-National-Park-940x587.png\" alt=\"\" width=\"940\" height=\"587\" srcset=\"https:\/\/new-taipei-city2018.aic-iac.org\/wp-content\/uploads\/sites\/3\/2018\/02\/Tarko-National-Park-940x587.png 940w, https:\/\/new-taipei-city2018.aic-iac.org\/wp-content\/uploads\/sites\/3\/2018\/02\/Tarko-National-Park-300x187.png 300w, https:\/\/new-taipei-city2018.aic-iac.org\/wp-content\/uploads\/sites\/3\/2018\/02\/Tarko-National-Park-768x480.png 768w, https:\/\/new-taipei-city2018.aic-iac.org\/wp-content\/uploads\/sites\/3\/2018\/02\/Tarko-National-Park.png 1556w\" sizes=\"auto, (max-width: 940px) 100vw, 940px\" \/><p id=\"caption-attachment-127\" class=\"wp-caption-text\">Parc National de Taroko<\/p><\/div>\n<\/td>\n<\/tr>\n<\/tbody>\n<\/table>\n<table style=\"width: 618px;\">\n<tbody>\n<tr>\n<td style=\"width: 302px;\">\n<p>The pre-Congress tour will be visiting the eastern region of Chinese Taipei as the main route, where all the geological wonders (Taroko National Park) and diverse indigenous cultures can be found within the island. The SunMake Traditional Arts and sceneries from the Northeast coast of Taiwan will also be included in this tour.<\/p>\n<p>The post-Congress tour will be visiting ceramic places, traditional heritage, ceramic studios, Southern Branch of the National Palace Museum, and the Sun Moon Lake which are located in the south-west region.<\/p>\n<p>&nbsp;<\/p>\n<p>&nbsp;<\/p>\n<\/td>\n<td style=\"width: 302px;\">\n<p>Date:\u00a0<\/p>\n<ul>\n<li>Pre tour from 26 to 28 September 2018<\/li>\n<li>Post tour \u00a0from 6 to 9 October 2018\n<p><\/li>\n<\/ul>\n<p><a href=\"http:\/\/www.2018iac.tw\/site\/page.aspx?pid=254&amp;sid=1198&amp;lang=en\">&gt;&gt; CLICK HERE FOR FURTHER INFORMATION ABOUT PRE TOUR.\u00a0<\/a><\/p>\n<p><a href=\"http:\/\/www.2018iac.tw\/site\/page.aspx?pid=255&amp;sid=1198&amp;lang=en\">&gt;&gt; CLICK HERE FOR FURTHER INFORMATION ABOUT POST TOUR.\u00a0<\/a><\/p>\n<\/td>\n<\/tr>\n<\/tbody>\n<\/table>\n<p>&nbsp;<\/p>\n","protected":false,"raw":"<table>\r\n<tbody>\r\n<tr>\r\n<td>\r\n[caption id=\"attachment_127\" align=\"alignnone\" width=\"940\"]<img class=\"wp-image-127 size-large\" src=\"https:\/\/new-taipei-city2018.aic-iac.org\/wp-content\/uploads\/sites\/3\/2018\/02\/Tarko-National-Park-940x587.png\" alt=\"\" width=\"940\" height=\"587\" \/> Parc National de Taroko[\/caption]\r\n<\/td>\r\n<\/tr>\r\n<\/tbody>\r\n<\/table>\r\n<table style=\"width: 618px;\">\r\n<tbody>\r\n<tr>\r\n<td style=\"width: 302px;\">\r\n<p>The pre-Congress tour will be visiting the eastern region of Chinese Taipei as the main route, where all the geological wonders (Taroko National Park) and diverse indigenous cultures can be found within the island. The SunMake Traditional Arts and sceneries from the Northeast coast of Taiwan will also be included in this tour.<\/p>\r\n<p>The post-Congress tour will be visiting ceramic places, traditional heritage, ceramic studios, Southern Branch of the National Palace Museum, and the Sun Moon Lake which are located in the south-west region.<\/p>\r\n<p>&nbsp;<\/p>\r\n<p>&nbsp;<\/p>\r\n<\/td>\r\n<td style=\"width: 302px;\">\r\n<p>Date:\u00a0<\/p>\r\n<ul>\r\n<li>Pre tour from 26 to 28 September 2018<\/li>\r\n<li>Post tour \u00a0from 6 to 9 October 2018<br \/><br \/><br \/><\/li>\r\n<\/ul>\r\n<p><a href=\"http:\/\/www.2018iac.tw\/site\/page.aspx?pid=254&amp;sid=1198&amp;lang=en\">&gt;&gt; CLICK HERE FOR FURTHER INFORMATION ABOUT PRE TOUR.\u00a0<\/a><\/p>\r\n<p><a href=\"http:\/\/www.2018iac.tw\/site\/page.aspx?pid=255&amp;sid=1198&amp;lang=en\">&gt;&gt; CLICK HERE FOR FURTHER INFORMATION ABOUT POST TOUR.\u00a0<\/a><\/p>\r\n<\/td>\r\n<\/tr>\r\n<\/tbody>\r\n<\/table>\r\n<p>&nbsp;<\/p>"},"excerpt":{"rendered":"<p>Additional information available on the registration webpage.<\/p>\n","protected":false,"raw":"Additional information available on the registration webpage."},"author":4,"featured_media":127,"parent":5,"menu_order":0,"comment_status":"closed","ping_status":"closed","template":"","meta":{"_en_post_content":"<table>\r\n<tbody>\r\n<tr>\r\n<td>\r\n[caption id=\"attachment_127\" align=\"alignnone\" width=\"940\"]<img class=\"wp-image-127 size-large\" src=\"https:\/\/new-taipei-city2018.aic-iac.org\/wp-content\/uploads\/sites\/3\/2018\/02\/Tarko-National-Park-940x587.png\" alt=\"\" width=\"940\" height=\"587\" \/> Parc National de Taroko[\/caption]\r\n<\/td>\r\n<\/tr>\r\n<\/tbody>\r\n<\/table>\r\n<table style=\"width: 618px;\">\r\n<tbody>\r\n<tr>\r\n<td style=\"width: 302px;\">\r\n<p>The pre-Congress tour will be visiting the eastern region of Chinese Taipei as the main route, where all the geological wonders (Taroko National Park) and diverse indigenous cultures can be found within the island. The SunMake Traditional Arts and sceneries from the Northeast coast of Taiwan will also be included in this tour.<\/p>\r\n<p>The post-Congress tour will be visiting ceramic places, traditional heritage, ceramic studios, Southern Branch of the National Palace Museum, and the Sun Moon Lake which are located in the south-west region.<\/p>\r\n<p>&nbsp;<\/p>\r\n<p>&nbsp;<\/p>\r\n<\/td>\r\n<td style=\"width: 302px;\">\r\n<p>Date:\u00a0<\/p>\r\n<ul>\r\n<li>Pre tour from 26 to 28 September 2018<\/li>\r\n<li>Post tour \u00a0from 6 to 9 October 2018<br \/><br \/><br \/><\/li>\r\n<\/ul>\r\n<p><a href=\"http:\/\/www.2018iac.tw\/site\/page.aspx?pid=254&amp;sid=1198&amp;lang=en\">&gt;&gt; CLICK HERE FOR FURTHER INFORMATION ABOUT PRE TOUR.\u00a0<\/a><\/p>\r\n<p><a href=\"http:\/\/www.2018iac.tw\/site\/page.aspx?pid=255&amp;sid=1198&amp;lang=en\">&gt;&gt; CLICK HERE FOR FURTHER INFORMATION ABOUT POST TOUR.\u00a0<\/a><\/p>\r\n<\/td>\r\n<\/tr>\r\n<\/tbody>\r\n<\/table>\r\n<p>&nbsp;<\/p>","_en_post_name":"pre-and-post-congress","_en_post_excerpt":"Additional information available on the registration webpage.","_en_post_title":"Pre and post Congress","_fr_post_content":"<table>\r\n<tbody>\r\n<tr>\r\n<td>\r\n[caption id=\"attachment_127\" align=\"alignnone\" width=\"940\"]<img class=\"wp-image-127 size-large\" src=\"https:\/\/new-taipei-city2018.aic-iac.org\/wp-content\/uploads\/sites\/3\/2018\/02\/Tarko-National-Park-940x587.png\" alt=\"\" width=\"940\" height=\"587\" \/> Parc National de Taroko[\/caption]\r\n<\/td>\r\n<\/tr>\r\n<\/tbody>\r\n<\/table>\r\n<table style=\"width: 618px;\">\r\n<tbody>\r\n<tr>\r\n<td style=\"width: 302px;\">\r\n<p>Le pre et post tour du Congr\u00e8s prendra pour d\u00e9cor la r\u00e9gion Est de l\u2019\u00eele, o\u00f9 sont rassembl\u00e9es les merveilles g\u00e9ologiques (Parc National de Taroko) et les diverses cultures autochtones de l\u2019\u00eele. Le Centre National des Arts Traditionnels et les paysages de la c\u00f4te Nord-Est figureront \u00e9galement au programme de cette visite.<\/p>\r\n<p>La visite pre Congr\u00e8s fera d\u00e9couvrir des sites c\u00e9ramiques et de patrimoine traditionnel, des studios de c\u00e9ramistes, le site sud du National Palace Museum et le Sun Moon Lake qui se situent dans la r\u00e9gion sud-ouest.<\/p>\r\n<p>&nbsp;<\/p>\r\n<\/td>\r\n<td style=\"width: 302px;\">\r\n<p>Date:\u00a0<\/p>\r\n<ul>\r\n<li>Pre tour du 26 au 28 septembre 2018<\/li>\r\n<li>Post tour \u00a0du 6 au 9 octobre 2018<br \/><br \/><\/li>\r\n<\/ul>\r\n<p><a href=\"http:\/\/www.2018iac.tw\/site\/page.aspx?pid=254&amp;sid=1198&amp;lang=en\"><span style=\"color: #ff0000;\">&gt;&gt;<\/span> CLIQUEZ ICI POUR OBTENIR DES INFORMATIONS COMPL\u00c9MENTAIRES SUR LE PRE TOUR. <\/a><\/p>\r\n<p><a href=\"http:\/\/www.2018iac.tw\/site\/page.aspx?pid=255&amp;sid=1198&amp;lang=en\"><span style=\"font-family: inherit;\"><span style=\"color: #ff0000;\">&gt;&gt;<\/span> CLIQUEZ ICI POUR OBTENIR DES INFORMATIONS COMPL\u00c9MENTAIRES SUR LE \u00a0POST TOUR.<\/span><\/a><\/p>\r\n<\/td>\r\n<\/tr>\r\n<\/tbody>\r\n<\/table>\r\n<p>&nbsp;<\/p>","_fr_post_name":"pre-et-post-tour","_fr_post_excerpt":"Information compl\u00e9mentaire disponible sur la plateforme d'inscription au Congr\u00e8s.","_fr_post_title":"Pre et Post tour","_zh_post_content":"<table>\r\n<tbody>\r\n<tr>\r\n<td>\r\n[caption id=\"attachment_127\" align=\"alignnone\" width=\"940\"]<img class=\"wp-image-127 size-large\" src=\"https:\/\/new-taipei-city2018.aic-iac.org\/wp-content\/uploads\/sites\/3\/2018\/02\/Tarko-National-Park-940x587.png\" alt=\"\" width=\"940\" height=\"587\" \/> Parc National de Taroko[\/caption]\r\n<\/td>\r\n<\/tr>\r\n<\/tbody>\r\n<\/table>\r\n<table>\r\n<tbody>\r\n<tr>\r\n<td>\r\n<p>\u6703\u524d\u6587\u5316\u4e4b\u65c5\u4ee5\u81fa\u7063\u6771\u90e8\u5730\u5340\u539f\u4f4f\u6c11\u6587\u5316\u8207\u81ea\u7136\u751f\u614b\u7f8e\u666f\u70ba\u898f\u5283\u4e3b\u8ef8\uff0c\u5c07\u6709\u6a5f\u6703\u63a2\u8a2a\u592a\u9b6f\u95a3\u570b\u5bb6\u516c\u5712\u3001\u570b\u7acb\u50b3\u7d71\u6587\u5316\u4e2d\u5fc3\u50b3\u85dd\u6587\u5316\u5712\u5340\uff0c\u4ee5\u53ca\u611f\u53d7\u7f8e\u9e97\u7684\u6771\u5317\u89d2\u98a8\u5149\u3002\u6703\u5f8c\u6587\u5316\u4e4b\u65c5\u4ee5\u81fa\u7063\u897f\u5357\u90e8\u7684\u9676\u74f7\u767c\u5c55\u3001\u53e4\u8e5f\u89c0\u5149\u70ba\u6838\u5fc3\uff0c\u884c\u7a0b\u9810\u8a08\u52a0\u5165\u5728\u5730\u7684\u7aaf\u5834\u3001\u6587\u5316\u89c0\u5149\u666f\u9ede\u3001\u9676\u85dd\u5de5\u4f5c\u5ba4\u7b49\u53c3\u89c0\u884c\u7a0b\uff0c\u5305\u542b\u6545\u5bae\u5357\u9662\u3001\u65e5\u6708\u6f6d\u7b49\u53c3\u8a2a\u666f\u9ede\u3002<\/p>\r\n<p>&nbsp;<\/p>\r\n<p>&nbsp;<\/p>\r\n<\/td>\r\n<td>\r\n<p>\u65e5\u671f:<\/p>\r\n<ul>\r\n<li>\u6703\u524d\u4e4b\u65c5: 9\u670826-28\u65e5<\/li>\r\n<li>\u6703\u5f8c\u4e4b\u65c5 : 10\u67086-9 \u65e5<\/li>\r\n<\/ul>\r\n<p><a href=\"http:\/\/www.2018iac.tw\/site\/page.aspx?pid=247&amp;sid=1198&amp;lang=cht\"><span style=\"color: #ff0000;\">&gt;&gt;\u00a0<\/span>\u6703\u524d\u4e4b\u65c5\u76f8\u95dc\u8cc7\u8a0a<\/a><\/p>\r\n<p><a href=\"http:\/\/www.2018iac.tw\/site\/page.aspx?pid=255&amp;sid=1198&amp;lang=en\"><span style=\"color: #ff0000;\">&gt;&gt;\u00a0<\/span>\u6703\u5f8c\u4e4b\u65c5\u76f8\u95dc\u8cc7\u8a0a<\/a><\/p>\r\n<\/td>\r\n<\/tr>\r\n<\/tbody>\r\n<\/table>\r\n<p>&nbsp;<\/p>","_zh_post_name":"%e6%9c%83%e5%89%8d%e8%88%87%e6%9c%83%e5%be%8c%e4%b9%8b%e6%97%85","_zh_post_excerpt":"","_zh_post_title":"\u6703\u524d\u8207\u6703\u5f8c\u4e4b\u65c5","edit_language":"en","footnotes":""},"class_list":["post-125","page","type-page","status-publish","has-post-thumbnail","hentry"],"_links":{"self":[{"href":"https:\/\/new-taipei-city2018.aic-iac.org\/en\/wp-json\/wp\/v2\/pages\/125","targetHints":{"allow":["GET"]}}],"collection":[{"href":"https:\/\/new-taipei-city2018.aic-iac.org\/en\/wp-json\/wp\/v2\/pages"}],"about":[{"href":"https:\/\/new-taipei-city2018.aic-iac.org\/en\/wp-json\/wp\/v2\/types\/page"}],"author":[{"embeddable":true,"href":"https:\/\/new-taipei-city2018.aic-iac.org\/en\/wp-json\/wp\/v2\/users\/4"}],"replies":[{"embeddable":true,"href":"https:\/\/new-taipei-city2018.aic-iac.org\/en\/wp-json\/wp\/v2\/comments?post=125"}],"version-history":[{"count":14,"href":"https:\/\/new-taipei-city2018.aic-iac.org\/en\/wp-json\/wp\/v2\/pages\/125\/revisions"}],"predecessor-version":[{"id":128,"href":"https:\/\/new-taipei-city2018.aic-iac.org\/en\/wp-json\/wp\/v2\/pages\/125\/revisions\/128"}],"up":[{"embeddable":true,"href":"https:\/\/new-taipei-city2018.aic-iac.org\/en\/wp-json\/wp\/v2\/pages\/5"}],"wp:featuredmedia":[{"embeddable":true,"href":"https:\/\/new-taipei-city2018.aic-iac.org\/en\/wp-json\/wp\/v2\/media\/127"}],"wp:attachment":[{"href":"https:\/\/new-taipei-city2018.aic-iac.org\/en\/wp-json\/wp\/v2\/media?parent=125"}],"curies":[{"name":"wp","href":"https:\/\/api.w.org\/{rel}","templated":true}]}}