{"id":231,"date":"2018-02-15T10:55:35","date_gmt":"2018-02-15T09:55:35","guid":{"rendered":"http:\/\/new-taipei-city2018.aic-iac.org\/?page_id=231"},"modified":"2018-03-09T15:32:05","modified_gmt":"2018-03-09T14:32:05","slug":"inscriptions-hebergement-et-tarifs","status":"publish","type":"page","link":"https:\/\/new-taipei-city2018.aic-iac.org\/en\/inscriptions-hebergement-et-tarifs\/","title":{"rendered":"REGISTRATION AND FEES","raw":"REGISTRATION AND FEES"},"content":{"rendered":"<table>\n<tbody>\n<tr>\n<td><img loading=\"lazy\" decoding=\"async\" class=\"alignnone wp-image-232 size-full\" src=\"https:\/\/new-taipei-city2018.aic-iac.org\/wp-content\/uploads\/sites\/3\/2018\/02\/city.jpg\" alt=\"\" width=\"1000\" height=\"480\" srcset=\"https:\/\/new-taipei-city2018.aic-iac.org\/wp-content\/uploads\/sites\/3\/2018\/02\/city.jpg 1000w, https:\/\/new-taipei-city2018.aic-iac.org\/wp-content\/uploads\/sites\/3\/2018\/02\/city-300x144.jpg 300w, https:\/\/new-taipei-city2018.aic-iac.org\/wp-content\/uploads\/sites\/3\/2018\/02\/city-768x369.jpg 768w, https:\/\/new-taipei-city2018.aic-iac.org\/wp-content\/uploads\/sites\/3\/2018\/02\/city-940x451.jpg 940w\" sizes=\"auto, (max-width: 1000px) 100vw, 1000px\" \/><\/td>\n<\/tr>\n<\/tbody>\n<\/table>\n<table>\n<tbody>\n<tr>\n<td>\u00a0<\/td>\n<td>\u00a0<\/td>\n<\/tr>\n<tr>\n<td>\n<p>Registration is open to both members and non-members of the International Academy of Ceramics (IAC), but members of IAC will receive reduced fees.<\/p>\n<\/td>\n<td>Online registration is open. Click on the red window to access the online registration form.<\/td>\n<\/tr>\n<\/tbody>\n<\/table>\n<table>\n<tbody>\n<tr>\n<td>\n<p><span style=\"text-decoration: underline;\">CONGRESS<\/span><\/p>\n<p><img loading=\"lazy\" decoding=\"async\" class=\"alignnone wp-image-251 size-full\" src=\"https:\/\/new-taipei-city2018.aic-iac.org\/wp-content\/uploads\/sites\/3\/2018\/02\/Capture-d\u2019\u00e9cran-2018-02-15-\u00e0-11.05.58.png\" alt=\"\" width=\"2474\" height=\"766\" srcset=\"https:\/\/new-taipei-city2018.aic-iac.org\/wp-content\/uploads\/sites\/3\/2018\/02\/Capture-d\u2019\u00e9cran-2018-02-15-\u00e0-11.05.58.png 2474w, https:\/\/new-taipei-city2018.aic-iac.org\/wp-content\/uploads\/sites\/3\/2018\/02\/Capture-d\u2019\u00e9cran-2018-02-15-\u00e0-11.05.58-300x93.png 300w, https:\/\/new-taipei-city2018.aic-iac.org\/wp-content\/uploads\/sites\/3\/2018\/02\/Capture-d\u2019\u00e9cran-2018-02-15-\u00e0-11.05.58-768x238.png 768w, https:\/\/new-taipei-city2018.aic-iac.org\/wp-content\/uploads\/sites\/3\/2018\/02\/Capture-d\u2019\u00e9cran-2018-02-15-\u00e0-11.05.58-940x291.png 940w\" sizes=\"auto, (max-width: 2474px) 100vw, 2474px\" \/><\/p>\n<hr \/>\n<\/td>\n<\/tr>\n<\/tbody>\n<\/table>\n<table>\n<tbody>\n<tr>\n<td>\n<p><span style=\"text-decoration: underline;\">PRE &amp; POST TOUR<\/span><\/p>\n<\/td>\n<td>\u00a0<\/td>\n<\/tr>\n<tr>\n<td>\n<p><img loading=\"lazy\" decoding=\"async\" class=\"alignnone size-medium wp-image-249\" src=\"https:\/\/new-taipei-city2018.aic-iac.org\/wp-content\/uploads\/sites\/3\/2018\/02\/Capture-d\u2019\u00e9cran-2018-02-15-\u00e0-11.50.26-300x53.png\" alt=\"\" width=\"300\" height=\"53\" srcset=\"https:\/\/new-taipei-city2018.aic-iac.org\/wp-content\/uploads\/sites\/3\/2018\/02\/Capture-d\u2019\u00e9cran-2018-02-15-\u00e0-11.50.26-300x53.png 300w, https:\/\/new-taipei-city2018.aic-iac.org\/wp-content\/uploads\/sites\/3\/2018\/02\/Capture-d\u2019\u00e9cran-2018-02-15-\u00e0-11.50.26-768x135.png 768w, https:\/\/new-taipei-city2018.aic-iac.org\/wp-content\/uploads\/sites\/3\/2018\/02\/Capture-d\u2019\u00e9cran-2018-02-15-\u00e0-11.50.26-940x166.png 940w\" sizes=\"auto, (max-width: 300px) 100vw, 300px\" \/> <img loading=\"lazy\" decoding=\"async\" class=\"alignnone size-medium wp-image-250\" src=\"https:\/\/new-taipei-city2018.aic-iac.org\/wp-content\/uploads\/sites\/3\/2018\/02\/Capture-d\u2019\u00e9cran-2018-02-15-\u00e0-11.50.44-300x53.png\" alt=\"\" width=\"300\" height=\"53\" srcset=\"https:\/\/new-taipei-city2018.aic-iac.org\/wp-content\/uploads\/sites\/3\/2018\/02\/Capture-d\u2019\u00e9cran-2018-02-15-\u00e0-11.50.44-300x53.png 300w, https:\/\/new-taipei-city2018.aic-iac.org\/wp-content\/uploads\/sites\/3\/2018\/02\/Capture-d\u2019\u00e9cran-2018-02-15-\u00e0-11.50.44-768x135.png 768w, https:\/\/new-taipei-city2018.aic-iac.org\/wp-content\/uploads\/sites\/3\/2018\/02\/Capture-d\u2019\u00e9cran-2018-02-15-\u00e0-11.50.44-940x166.png 940w\" sizes=\"auto, (max-width: 300px) 100vw, 300px\" \/><\/p>\n<\/td>\n<td>\n<ul>\n<li>\n<p>(We will automatically assign a roommate for you if you choose the double bed room).<\/p>\n<\/li>\n<li>\n<p>The fee includes English tour guide, transportation, meals, accommodations, entrance tickets and travel insurance.<\/p>\n<\/li>\n<\/ul>\n<\/td>\n<\/tr>\n<tr>\n<td colspan=\"2\">\n<hr \/>\n<\/td>\n<\/tr>\n<tr>\n<td>\n<p>IMPORTANT INFOMATION<\/p>\n<p><span style=\"text-decoration: underline;\">Registration Policies<\/span><\/p>\n<p>-The registration fee includes access to debates and communication session (except accompanying persons), congress bag and materials, refreshment breaks, lunches, welcome reception, farewell party and ceramics tours &amp; activities.<\/p>\n<p>-Accompanying persons fee: Include the same as the other fees except access to debates and communications sessions.<\/p>\n<p>-Students fee: Valid for students enrolled in the academic year 2017-18 or 2018-19 in official centers linked to the themes of the conference or private schools with official recognition title. Applicants must submit scanned copy of the document of registration or a certificate of the center. The student card is not a valid document.<\/p>\n<p>-Press: The discount is valid for the press related to the conference themes. It can benefit two people of each at most. We will provide a booth for promotion usage.<\/p>\n<p>&#8211; Break-out session and General assembly sessions are open exclusively to IAC members.<br \/>Payment Policies<\/p>\n<p>&nbsp;<\/p>\n<\/td>\n<td>\n<p><span style=\"text-decoration: underline;\">Payment Policies<\/span><\/p>\n<p>-Payment by credit card can be made at the time of registration.<\/p>\n<p>-You will pay for your own travel and accommodation expenses.<\/p>\n<p>Cancellation and Refund Policies<\/p>\n<p>-To cancel your registration for 2018 IAC Congress, you have to contact us no later than 31 August 2018 (Friday).<\/p>\n<p>-For cancellations made by 31 August 2018 (Friday), your registration fee will be fully refunded. No refunds will be given for cancellations made after 1 September 2018 (Saturday).<\/p>\n<p>-Cancellation requests will be accepted via e-mail (2018iactw@gmail.com) only and must identify the registrant\u2019s name, registrant\u2019s number and email address before the stated cancellation deadline.<\/p>\n<p>-Refund will be processed and paid before 31 October 2018.<\/p>\n<\/td>\n<\/tr>\n<\/tbody>\n<\/table>\n<p>&nbsp;<\/p>\n","protected":false,"raw":"<table>\r\n<tbody>\r\n<tr>\r\n<td><img class=\"alignnone wp-image-232 size-full\" src=\"https:\/\/new-taipei-city2018.aic-iac.org\/wp-content\/uploads\/sites\/3\/2018\/02\/city.jpg\" alt=\"\" width=\"1000\" height=\"480\" \/><\/td>\r\n<\/tr>\r\n<\/tbody>\r\n<\/table>\r\n<table>\r\n<tbody>\r\n<tr>\r\n<td>\u00a0<\/td>\r\n<td>\u00a0<\/td>\r\n<\/tr>\r\n<tr>\r\n<td>\r\n<p>Registration is open to both members and non-members of the International Academy of Ceramics (IAC), but members of IAC will receive reduced fees.<\/p>\r\n<\/td>\r\n<td>Online registration is open. Click on the red window to access the online registration form.<\/td>\r\n<\/tr>\r\n<\/tbody>\r\n<\/table>\r\n<table>\r\n<tbody>\r\n<tr>\r\n<td>\r\n<p><span style=\"text-decoration: underline;\">CONGRESS<\/span><\/p>\r\n<p><img class=\"alignnone wp-image-251 size-full\" src=\"https:\/\/new-taipei-city2018.aic-iac.org\/wp-content\/uploads\/sites\/3\/2018\/02\/Capture-d\u2019\u00e9cran-2018-02-15-\u00e0-11.05.58.png\" alt=\"\" width=\"2474\" height=\"766\" \/><\/p>\r\n<hr \/><\/td>\r\n<\/tr>\r\n<\/tbody>\r\n<\/table>\r\n<table>\r\n<tbody>\r\n<tr>\r\n<td>\r\n<p><span style=\"text-decoration: underline;\">PRE &amp; POST TOUR<\/span><\/p>\r\n<\/td>\r\n<td>\u00a0<\/td>\r\n<\/tr>\r\n<tr>\r\n<td>\r\n<p><img class=\"alignnone size-medium wp-image-249\" src=\"https:\/\/new-taipei-city2018.aic-iac.org\/wp-content\/uploads\/sites\/3\/2018\/02\/Capture-d\u2019\u00e9cran-2018-02-15-\u00e0-11.50.26-300x53.png\" alt=\"\" width=\"300\" height=\"53\" \/> <img class=\"alignnone size-medium wp-image-250\" src=\"https:\/\/new-taipei-city2018.aic-iac.org\/wp-content\/uploads\/sites\/3\/2018\/02\/Capture-d\u2019\u00e9cran-2018-02-15-\u00e0-11.50.44-300x53.png\" alt=\"\" width=\"300\" height=\"53\" \/><\/p>\r\n<\/td>\r\n<td>\r\n<ul>\r\n<li>\r\n<p>(We will automatically assign a roommate for you if you choose the double bed room).<\/p>\r\n<\/li>\r\n<li>\r\n<p>The fee includes English tour guide, transportation, meals, accommodations, entrance tickets and travel insurance.<\/p>\r\n<\/li>\r\n<\/ul>\r\n<\/td>\r\n<\/tr>\r\n<tr>\r\n<td colspan=\"2\"><hr \/><\/td>\r\n<\/tr>\r\n<tr>\r\n<td>\r\n<p>IMPORTANT INFOMATION<\/p>\r\n<p><span style=\"text-decoration: underline;\">Registration Policies<\/span><\/p>\r\n<p>-The registration fee includes access to debates and communication session (except accompanying persons), congress bag and materials, refreshment breaks, lunches, welcome reception, farewell party and ceramics tours &amp; activities.<\/p>\r\n<p>-Accompanying persons fee: Include the same as the other fees except access to debates and communications sessions.<\/p>\r\n<p>-Students fee: Valid for students enrolled in the academic year 2017-18 or 2018-19 in official centers linked to the themes of the conference or private schools with official recognition title. Applicants must submit scanned copy of the document of registration or a certificate of the center. The student card is not a valid document.<\/p>\r\n<p>-Press: The discount is valid for the press related to the conference themes. It can benefit two people of each at most. We will provide a booth for promotion usage.<\/p>\r\n<p>- Break-out session and General assembly sessions are open exclusively to IAC members.<br \/>Payment Policies<\/p>\r\n<p>&nbsp;<\/p>\r\n<\/td>\r\n<td>\r\n<p><span style=\"text-decoration: underline;\">Payment Policies<\/span><\/p>\r\n<p>-Payment by credit card can be made at the time of registration.<\/p>\r\n<p>-You will pay for your own travel and accommodation expenses.<\/p>\r\n<p>Cancellation and Refund Policies<\/p>\r\n<p>-To cancel your registration for 2018 IAC Congress, you have to contact us no later than 31 August 2018 (Friday).<\/p>\r\n<p>-For cancellations made by 31 August 2018 (Friday), your registration fee will be fully refunded. No refunds will be given for cancellations made after 1 September 2018 (Saturday).<\/p>\r\n<p>-Cancellation requests will be accepted via e-mail (2018iactw@gmail.com) only and must identify the registrant\u2019s name, registrant\u2019s number and email address before the stated cancellation deadline.<\/p>\r\n<p>-Refund will be processed and paid before 31 October 2018.<\/p>\r\n<\/td>\r\n<\/tr>\r\n<\/tbody>\r\n<\/table>\r\n<p>&nbsp;<\/p>"},"excerpt":{"rendered":"<p>\u00a0L&#8217;ouverte des inscriptions en ligne est pr\u00e9vue pour mars 2018.<\/p>\n","protected":false,"raw":"\u00a0L'ouverte des inscriptions en ligne est pr\u00e9vue pour mars 2018."},"author":4,"featured_media":232,"parent":0,"menu_order":0,"comment_status":"closed","ping_status":"closed","template":"","meta":{"_en_post_content":"<table>\r\n<tbody>\r\n<tr>\r\n<td><img class=\"alignnone wp-image-232 size-full\" src=\"https:\/\/new-taipei-city2018.aic-iac.org\/wp-content\/uploads\/sites\/3\/2018\/02\/city.jpg\" alt=\"\" width=\"1000\" height=\"480\" \/><\/td>\r\n<\/tr>\r\n<\/tbody>\r\n<\/table>\r\n<table>\r\n<tbody>\r\n<tr>\r\n<td>\u00a0<\/td>\r\n<td>\u00a0<\/td>\r\n<\/tr>\r\n<tr>\r\n<td>\r\n<p>Registration is open to both members and non-members of the International Academy of Ceramics (IAC), but members of IAC will receive reduced fees.<\/p>\r\n<\/td>\r\n<td>Online registration is open. Click on the red window to access the online registration form.<\/td>\r\n<\/tr>\r\n<\/tbody>\r\n<\/table>\r\n<table>\r\n<tbody>\r\n<tr>\r\n<td>\r\n<p><span style=\"text-decoration: underline;\">CONGRESS<\/span><\/p>\r\n<p><img class=\"alignnone wp-image-251 size-full\" src=\"https:\/\/new-taipei-city2018.aic-iac.org\/wp-content\/uploads\/sites\/3\/2018\/02\/Capture-d\u2019\u00e9cran-2018-02-15-\u00e0-11.05.58.png\" alt=\"\" width=\"2474\" height=\"766\" \/><\/p>\r\n<hr \/><\/td>\r\n<\/tr>\r\n<\/tbody>\r\n<\/table>\r\n<table>\r\n<tbody>\r\n<tr>\r\n<td>\r\n<p><span style=\"text-decoration: underline;\">PRE &amp; POST TOUR<\/span><\/p>\r\n<\/td>\r\n<td>\u00a0<\/td>\r\n<\/tr>\r\n<tr>\r\n<td>\r\n<p><img class=\"alignnone size-medium wp-image-249\" src=\"https:\/\/new-taipei-city2018.aic-iac.org\/wp-content\/uploads\/sites\/3\/2018\/02\/Capture-d\u2019\u00e9cran-2018-02-15-\u00e0-11.50.26-300x53.png\" alt=\"\" width=\"300\" height=\"53\" \/> <img class=\"alignnone size-medium wp-image-250\" src=\"https:\/\/new-taipei-city2018.aic-iac.org\/wp-content\/uploads\/sites\/3\/2018\/02\/Capture-d\u2019\u00e9cran-2018-02-15-\u00e0-11.50.44-300x53.png\" alt=\"\" width=\"300\" height=\"53\" \/><\/p>\r\n<\/td>\r\n<td>\r\n<ul>\r\n<li>\r\n<p>(We will automatically assign a roommate for you if you choose the double bed room).<\/p>\r\n<\/li>\r\n<li>\r\n<p>The fee includes English tour guide, transportation, meals, accommodations, entrance tickets and travel insurance.<\/p>\r\n<\/li>\r\n<\/ul>\r\n<\/td>\r\n<\/tr>\r\n<tr>\r\n<td colspan=\"2\"><hr \/><\/td>\r\n<\/tr>\r\n<tr>\r\n<td>\r\n<p>IMPORTANT INFOMATION<\/p>\r\n<p><span style=\"text-decoration: underline;\">Registration Policies<\/span><\/p>\r\n<p>-The registration fee includes access to debates and communication session (except accompanying persons), congress bag and materials, refreshment breaks, lunches, welcome reception, farewell party and ceramics tours &amp; activities.<\/p>\r\n<p>-Accompanying persons fee: Include the same as the other fees except access to debates and communications sessions.<\/p>\r\n<p>-Students fee: Valid for students enrolled in the academic year 2017-18 or 2018-19 in official centers linked to the themes of the conference or private schools with official recognition title. Applicants must submit scanned copy of the document of registration or a certificate of the center. The student card is not a valid document.<\/p>\r\n<p>-Press: The discount is valid for the press related to the conference themes. It can benefit two people of each at most. We will provide a booth for promotion usage.<\/p>\r\n<p>- Break-out session and General assembly sessions are open exclusively to IAC members.<br \/>Payment Policies<\/p>\r\n<p>&nbsp;<\/p>\r\n<\/td>\r\n<td>\r\n<p><span style=\"text-decoration: underline;\">Payment Policies<\/span><\/p>\r\n<p>-Payment by credit card can be made at the time of registration.<\/p>\r\n<p>-You will pay for your own travel and accommodation expenses.<\/p>\r\n<p>Cancellation and Refund Policies<\/p>\r\n<p>-To cancel your registration for 2018 IAC Congress, you have to contact us no later than 31 August 2018 (Friday).<\/p>\r\n<p>-For cancellations made by 31 August 2018 (Friday), your registration fee will be fully refunded. No refunds will be given for cancellations made after 1 September 2018 (Saturday).<\/p>\r\n<p>-Cancellation requests will be accepted via e-mail (2018iactw@gmail.com) only and must identify the registrant\u2019s name, registrant\u2019s number and email address before the stated cancellation deadline.<\/p>\r\n<p>-Refund will be processed and paid before 31 October 2018.<\/p>\r\n<\/td>\r\n<\/tr>\r\n<\/tbody>\r\n<\/table>\r\n<p>&nbsp;<\/p>","_en_post_name":"inscriptions-hebergement-et-tarifs","_en_post_excerpt":"\u00a0L'ouverte des inscriptions en ligne est pr\u00e9vue pour mars 2018.","_en_post_title":"REGISTRATION AND FEES","_fr_post_content":"<table>\r\n<tbody>\r\n<tr>\r\n<td><img class=\"alignnone wp-image-232 size-full\" src=\"https:\/\/new-taipei-city2018.aic-iac.org\/wp-content\/uploads\/sites\/3\/2018\/02\/city.jpg\" alt=\"\" width=\"1000\" height=\"480\" \/><\/td>\r\n<\/tr>\r\n<\/tbody>\r\n<\/table>\r\n<table>\r\n<tbody>\r\n<tr>\r\n<td>\u00a0<\/td>\r\n<td>\u00a0<\/td>\r\n<\/tr>\r\n<tr>\r\n<td>\r\n<p>La participation\u00a0au Congr\u00e8s est ouverte aux membres de l\u2019AIC\u00a0et aux non membres. Les\u00a0membres de l\u2019AIC \u00a0b\u00e9n\u00e9ficie d\u2019un tarif pr\u00e9f\u00e9rentiel.\u00a0<\/p>\r\n<\/td>\r\n<td>Les inscriptions\u00a0en ligne\u00a0sont ouverte. Cliquez sur la fen\u00eatre rouge pour acc\u00e9der au formulaire d'inscription en ligne.\u00a0<\/td>\r\n<\/tr>\r\n<\/tbody>\r\n<\/table>\r\n<table>\r\n<tbody>\r\n<tr>\r\n<td>\r\n<p><span style=\"text-decoration: underline;\">CONGR\u00c8S<\/span><\/p>\r\n<p><img class=\"alignnone wp-image-237 size-full\" src=\"https:\/\/new-taipei-city2018.aic-iac.org\/wp-content\/uploads\/sites\/3\/2018\/02\/Capture-d\u2019\u00e9cran-2018-02-15-\u00e0-11.24.41.png\" alt=\"\" width=\"2514\" height=\"780\" \/><\/p>\r\n<hr \/><\/td>\r\n<\/tr>\r\n<\/tbody>\r\n<\/table>\r\n<table>\r\n<tbody>\r\n<tr>\r\n<td>\r\n<p><span style=\"text-decoration: underline;\">PRE ET POST TOUR<\/span><\/p>\r\n<\/td>\r\n<td>\u00a0<\/td>\r\n<\/tr>\r\n<tr>\r\n<td>\r\n<p><img class=\"alignnone size-medium wp-image-239\" src=\"https:\/\/new-taipei-city2018.aic-iac.org\/wp-content\/uploads\/sites\/3\/2018\/02\/Capture-d\u2019\u00e9cran-2018-02-15-\u00e0-11.51.28-300x53.png\" alt=\"\" width=\"300\" height=\"53\" \/> <img class=\"alignnone size-medium wp-image-238\" src=\"https:\/\/new-taipei-city2018.aic-iac.org\/wp-content\/uploads\/sites\/3\/2018\/02\/Capture-d\u2019\u00e9cran-2018-02-15-\u00e0-11.51.11-300x53.png\" alt=\"\" width=\"300\" height=\"53\" \/><\/p>\r\n<\/td>\r\n<td>\r\n<ul>\r\n<li>Un colocataire peut \u00eatre attribu\u00e9, si vous choisissez une chambre double.)<\/li>\r\n<\/ul>\r\n<ul>\r\n<li>Les frais comprennent un guide touristique anglais, le transport, les repas, l'h\u00e9bergement, les billets d'entr\u00e9e et l'assurance voyage.<\/li>\r\n<\/ul>\r\n<\/td>\r\n<\/tr>\r\n<tr>\r\n<td colspan=\"2\">\r\n<p>&nbsp;<\/p>\r\n<hr \/><\/td>\r\n<\/tr>\r\n<tr>\r\n<td>\r\n<p>INFOMATION IMPORTANTE<\/p>\r\n<p><span style=\"text-decoration: underline;\">Politique d'inscription<\/span><\/p>\r\n<p>- Tarif classique\u00a0: Les frais d'inscription comprennent l'acc\u00e8s aux conf\u00e9rences (sauf les personnes accompagnantes), un sac avec des informations sur le congr\u00e8s, les rafra\u00eechissements durant les pauses, les d\u00e9jeuners, la r\u00e9ception de bienvenue, la f\u00eate d'adieu et les visites et activit\u00e9s programm\u00e9es.<\/p>\r\n<p>-Tarif accompagnantes : Les privil\u00e8ges sont les m\u00eames que pour une inscription classique,\u00a0except\u00e9 l\u2019acc\u00e8s aux conf\u00e9rences.<\/p>\r\n<p>-Tarif \u00e9tudiants : Valable pour les \u00e9tudiants immatricul\u00e9s pour les ann\u00e9es 2017-18 ou 2018-19 dans des \u00e9tablissements publics ou priv\u00e9s officiels qui pr\u00e9sentent un lien avec le th\u00e8me du Congr\u00e8s.\u00a0Les candidats doivent soumettre une copie num\u00e9ris\u00e9e du document d\u2019immatriculation ou un certificat de leurs institutions.\u00a0La carte d\u2019\u00e9tudiant\u00a0n\u2019est pas un document suffisant.<\/p>\r\n<p>-Presse: La r\u00e9duction est valable pour la presse \u00e0 la presse sp\u00e9cialis\u00e9e li\u00e9es au th\u00e8me du Congr\u00e8s. Cela peut profiter \u00e0 deux personnes au maximum. Nous fournirons un stand pour l'utilisation de la promotion.<\/p>\r\n<p>- La table ronde AIC et les sessions de l\u2019Assembl\u00e9e G\u00e9n\u00e9rale sont ouvertes exclusivement aux membres du CCI.<\/p>\r\n<p>&nbsp;<\/p>\r\n<p>&nbsp;<\/p>\r\n<\/td>\r\n<td>\r\n<p><span style=\"text-decoration: underline;\">Politique de paiement<\/span><\/p>\r\n<p>-Paiement par carte de cr\u00e9dit est possible lors de l'inscription.<\/p>\r\n<p>- Frais de voyage et d'h\u00e9bergement ne sont pas inclus dans le tarif.<\/p>\r\n<p>&nbsp;<\/p>\r\n<p><span style=\"text-decoration: underline;\">Politique d'annulation et de remboursement<\/span><\/p>\r\n<p>-Pour annuler votre inscription au Congr\u00e8s IAC 2018, vous devez nous contacter au plus tard le 31 ao\u00fbt 2018 (vendredi).<\/p>\r\n<p>-Pour les annulations faites avant le 31 ao\u00fbt 2018 (vendredi), vos frais d'inscription seront enti\u00e8rement rembours\u00e9s. Aucun remboursement ne sera accord\u00e9 pour les annulations faites apr\u00e8s le 1er septembre 2018 (samedi).<\/p>\r\n<p>Les demandes d'annulation ne seront accept\u00e9es que par e-mail (2018iactw@gmail.com) et doivent inclure le nom du titulaire, son code d\u2019inscription et son adresse e-mail avant la date limite d'annulation indiqu\u00e9e.<\/p>\r\n<p>- Le remboursement sera trait\u00e9 et pay\u00e9 avant le 31 octobre 2018.<\/p>\r\n<p>&nbsp;<\/p>\r\n<\/td>\r\n<\/tr>\r\n<\/tbody>\r\n<\/table>\r\n<p>&nbsp;<\/p>\r\n<p>&nbsp;<\/p>","_fr_post_name":"inscriptions-hebergement-et-tarifs","_fr_post_excerpt":"\u00a0L'ouverte des inscriptions en ligne est pr\u00e9vue pour mars 2018.","_fr_post_title":"INSCRIPTIONS ET TARIFS","_zh_post_content":"<table>\r\n<tbody>\r\n<tr>\r\n<td><img class=\"alignnone wp-image-232 size-full\" src=\"https:\/\/new-taipei-city2018.aic-iac.org\/wp-content\/uploads\/sites\/3\/2018\/02\/city.jpg\" alt=\"\" width=\"1000\" height=\"480\" \/><\/td>\r\n<\/tr>\r\n<\/tbody>\r\n<\/table>\r\n<table>\r\n<tbody>\r\n<tr>\r\n<td>\r\n<p><br \/><a href=\"http:\/\/www.2018iac.tw\/site\/page.aspx?pid=901&amp;sid=1198&amp;lang=cht\"><span style=\"color: #ff0000;\">&gt;&gt;<\/span> \u5176\u4ed6\u8a73\u7d30\u8cc7\u6599\u8acb\u4e0a\u5831\u540d\u7db2\u7ad9\u67e5\u8a62\u3002<\/a><\/p>\r\n<\/td>\r\n<td>\u00a0<\/td>\r\n<\/tr>\r\n<\/tbody>\r\n<\/table>\r\n<table>\r\n<tbody>\r\n<tr>\r\n<td>\r\n<p>\u5831\u540d\u8cbb\u7528<\/p>\r\n<p><img class=\"alignnone wp-image-252 size-full\" src=\"https:\/\/new-taipei-city2018.aic-iac.org\/wp-content\/uploads\/sites\/3\/2018\/02\/Capture-d\u2019\u00e9cran-2018-02-15-\u00e0-11.06.17.png\" alt=\"\" width=\"2334\" height=\"952\" \/><\/p>\r\n<p>* \u5927\u6703\u5c07\u63d0\u4f9b\u684c\u5b50\u4e88\u9078\u64c7\u300c\u96dc\u8a8c\u8a2d\u6524\u300d\u8eab\u4efd\u4e4b\u8207\u6703\u4eba\u54e1\u505a\u5ba3\u50b3\u4f7f\u7528\u3002<\/p>\r\n<hr \/><\/td>\r\n<\/tr>\r\n<\/tbody>\r\n<\/table>\r\n<table>\r\n<tbody>\r\n<tr style=\"height: 43px;\">\r\n<td style=\"height: 43px;\">\r\n<p>\u6703\u524d\u6587\u5316\u884c\u7a0b -\u00a0\u6703\u5f8c\u6587\u5316\u884c\u7a0b<\/p>\r\n<\/td>\r\n<td style=\"height: 43px;\">\u00a0<\/td>\r\n<\/tr>\r\n<tr style=\"height: 148px;\">\r\n<td style=\"height: 148px;\">\r\n<p><img class=\"alignnone wp-image-253 size-full\" src=\"https:\/\/new-taipei-city2018.aic-iac.org\/wp-content\/uploads\/sites\/3\/2018\/02\/Capture-d\u2019\u00e9cran-2018-02-15-\u00e0-11.52.05.png\" alt=\"\" width=\"2394\" height=\"464\" \/> <img class=\"alignnone wp-image-254 size-full\" src=\"https:\/\/new-taipei-city2018.aic-iac.org\/wp-content\/uploads\/sites\/3\/2018\/02\/Capture-d\u2019\u00e9cran-2018-02-15-\u00e0-11.53.00.png\" alt=\"\" width=\"2300\" height=\"448\" \/><\/p>\r\n<\/td>\r\n<td style=\"height: 148px;\">\r\n<ul>\r\n<li>\r\n<p>(\u82e5\u7121\u5ba4\u53cb\uff0c\u4e3b\u8fa6\u55ae\u4f4d\u5c07\u5354\u52a9\u5b89\u6392)<\/p>\r\n<\/li>\r\n<li>\r\n<p>\u8cbb\u7528\u5305\u542b\uff1a\u82f1\u6587\u5c0e\u904a\u3001\u8eca\u8cc7\u3001\u9910\u3001\u4f4f\u5bbf\u3001\u9580\u7968\u53ca\u65c5\u904a\u5e73\u5b89\u96aa\u3002<\/p>\r\n<\/li>\r\n<\/ul>\r\n<\/td>\r\n<\/tr>\r\n<tr style=\"height: 19px;\">\r\n<td style=\"height: 19px;\" colspan=\"2\">\u00a0<hr \/><\/td>\r\n<\/tr>\r\n<tr style=\"height: 334px;\">\r\n<td style=\"height: 334px;\">\r\n<ul>\r\n<li>\u5831\u540d\u9808\u77e5<\/li>\r\n<\/ul>\r\n<p>\u5831\u540d\u8cbb\u7528\u5305\u542b\uff1a\u8b1b\u5ea7(\u966a\u540c\u4eba\u54e1\u9664\u5916)\u3001\u5927\u6703\u8cc7\u6599\u3001\u8336\u9ede\u3001\u5348\u9910\u3001\u6b61\u8fce\u665a\u5bb4\u3001\u6b61\u9001\u665a\u5bb4\u53ca\u9676\u85dd\u4e4b\u65c5\u3002<br \/>\u966a\u540c\u4eba\u54e1\uff1a\u53ef\u53c3\u52a0\u8b1b\u5ea7\u4ee5\u5916\u6240\u6709\u6d3b\u52d5\u3002<br \/><span style=\"font-family: inherit;\">\u5b78\u751f\uff1a\u5831\u540d\u6642\u9700\u63d0\u4f9b\u8a3b\u518a\u55ae\u6216\u76f8\u95dc\u8b49\u660e\u6587\u4ef6\u7b49\u5b78\u7c4d\u8b49\u660e\u3002\u5176\u5b78\u6821\u5fc5\u9808\u5177\u6709\u5b98\u65b9\u8a8d\u8b49\u7684\u516c\u7acb\u6216\u79c1\u7acb\u55ae\u4f4d\u3002<br \/><\/span><span style=\"font-family: inherit;\">\u5a92\u9ad4\uff1a\u63d0\u4f9b\u7d66\u8207\u5927\u6703\u4e3b\u984c\u53ca\u5167\u5bb9\u76f8\u95dc\u7684\u5a92\u9ad4\u8a18\u8005\u3002\u540c\u4e00\u55ae\u4f4d\u6700\u591a\u53ef\u512a\u60e0\u5169\u540d\u3002\u5927\u6703\u5c07\u63d0\u4f9b\u684c\u5b50\u4e88\u9078\u64c7\u300c\u96dc\u8a8c\u8a2d\u6524\u300d\u8eab\u4efd\u4e4b\u8207\u6703\u4eba\u54e1\u505a\u5ba3\u50b3\u4f7f\u7528\u3002<\/span><\/p>\r\n<p>&nbsp;<\/p>\r\n<p>&nbsp;<\/p>\r\n<\/td>\r\n<td style=\"height: 334px;\">\r\n<ul>\r\n<li>\u4ed8\u8cbb\u65b9\u5f0f<\/li>\r\n<\/ul>\r\n<p>\u4fe1\u7528\u5361\u7dda\u4e0a\u4ed8\u8cbb\u3002<\/p>\r\n<ul>\r\n<li>\u53d6\u6d88\u5831\u540d (\u9000\u8cbb)<\/li>\r\n<\/ul>\r\n<p>\u8acb\u65bc2018\u5e748\u670831\u65e5 (\u4e94)\u63d0\u51fa\u53d6\u6d88\u5831\u540d\u9000\u8cbb\u7533\u8acb\uff0c\u903e\u6642\u5c07\u4e0d\u4e88\u9000\u6b3e\u3002<br \/><span style=\"font-family: inherit;\">\u8acb\u5c07\u5831\u540d\u59d3\u540d\u3001\u7de8\u865f\u3001E-mail\u5bc4\u81f3\u5927\u6703\u4fe1\u7bb1 (2018iactw@gmail.com)\u3002<br \/><\/span><span style=\"font-family: inherit;\">\u5c07\u65bc2018\u5e7410\u670831\u65e5\u524d\u5b8c\u6210\u9000\u8cbb\u3002<\/span><\/p>\r\n<p>&nbsp;<\/p>\r\n<\/td>\r\n<\/tr>\r\n<\/tbody>\r\n<\/table>\r\n<p>&nbsp;<\/p>\r\n<p>&nbsp;<\/p>","_zh_post_name":"inscriptions-hebergement-et-tarifs","_zh_post_excerpt":"\u5831\u540d\u8cbb\u7528","_zh_post_title":"\u5831\u540d\u8cbb\u7528","edit_language":"en","footnotes":""},"class_list":["post-231","page","type-page","status-publish","has-post-thumbnail","hentry"],"_links":{"self":[{"href":"https:\/\/new-taipei-city2018.aic-iac.org\/en\/wp-json\/wp\/v2\/pages\/231","targetHints":{"allow":["GET"]}}],"collection":[{"href":"https:\/\/new-taipei-city2018.aic-iac.org\/en\/wp-json\/wp\/v2\/pages"}],"about":[{"href":"https:\/\/new-taipei-city2018.aic-iac.org\/en\/wp-json\/wp\/v2\/types\/page"}],"author":[{"embeddable":true,"href":"https:\/\/new-taipei-city2018.aic-iac.org\/en\/wp-json\/wp\/v2\/users\/4"}],"replies":[{"embeddable":true,"href":"https:\/\/new-taipei-city2018.aic-iac.org\/en\/wp-json\/wp\/v2\/comments?post=231"}],"version-history":[{"count":18,"href":"https:\/\/new-taipei-city2018.aic-iac.org\/en\/wp-json\/wp\/v2\/pages\/231\/revisions"}],"predecessor-version":[{"id":235,"href":"https:\/\/new-taipei-city2018.aic-iac.org\/en\/wp-json\/wp\/v2\/pages\/231\/revisions\/235"}],"wp:featuredmedia":[{"embeddable":true,"href":"https:\/\/new-taipei-city2018.aic-iac.org\/en\/wp-json\/wp\/v2\/media\/232"}],"wp:attachment":[{"href":"https:\/\/new-taipei-city2018.aic-iac.org\/en\/wp-json\/wp\/v2\/media?parent=231"}],"curies":[{"name":"wp","href":"https:\/\/api.w.org\/{rel}","templated":true}]}}