{"id":303,"date":"2018-03-02T15:03:48","date_gmt":"2018-03-02T14:03:48","guid":{"rendered":"http:\/\/new-taipei-city2018.aic-iac.org\/?page_id=303"},"modified":"2019-09-11T16:23:27","modified_gmt":"2019-09-11T14:23:27","slug":"organizing-institutions-partners-and-sponsors","status":"publish","type":"page","link":"https:\/\/new-taipei-city2018.aic-iac.org\/en\/organizing-institutions-partners-and-sponsors\/","title":{"rendered":"Organizing institutions, partners and sponsors","raw":"Organizing institutions, partners and sponsors"},"content":{"rendered":"<table style=\"width: 617px;\">\n<tbody>\n<tr>\n<td style=\"width: 289.703125px;\">\n<p>The 48th Congress of the Academy in New Taipei City is organized by the Yingge Ceramics Museum (YCM) and the International Academy of Ceramics (IAC). Co-organizers include the Ministry of Culture, the New Taipei City Government, New Taipei City Culture and Affairs Department, Chinese Association of Museums, with additional support from other institution, associations, art galleries and artists. All of these supports are significant contributions that will ensure the success of this global ceramic event.<\/p>\n<p><span class=\"caption\">Supervisor: Ministry of Culture<br \/><span style=\"font-family: inherit;\">Organizer: New Taipei City Government<br \/><\/span><span style=\"font-family: inherit;\">Executive organizers: New Taipei City Cultural Affairs Department, New Taipei City Yingge Ceramics Museum &amp; IAC<br \/><\/span><span style=\"font-family: inherit;\">Co-organizer: Chinese Association of Museums<\/span><\/span><\/td>\n<td style=\"width: 312.296875px;\">\u00a0<img loading=\"lazy\" decoding=\"async\" class=\"alignnone size-medium wp-image-321\" src=\"https:\/\/new-taipei-city2018.aic-iac.org\/wp-content\/uploads\/sites\/3\/2018\/03\/Exhibition-surrounding-the-Congress-1-300x401.jpg\" alt=\"\" width=\"300\" height=\"401\" srcset=\"https:\/\/new-taipei-city2018.aic-iac.org\/wp-content\/uploads\/sites\/3\/2018\/03\/Exhibition-surrounding-the-Congress-1-300x401.jpg 300w, https:\/\/new-taipei-city2018.aic-iac.org\/wp-content\/uploads\/sites\/3\/2018\/03\/Exhibition-surrounding-the-Congress-1.jpg 700w\" sizes=\"auto, (max-width: 300px) 100vw, 300px\" \/><\/td>\n<\/tr>\n<tr>\n<td style=\"width: 602px;\" colspan=\"2\"><img loading=\"lazy\" decoding=\"async\" class=\"alignnone wp-image-308 size-full\" src=\"https:\/\/new-taipei-city2018.aic-iac.org\/wp-content\/uploads\/sites\/3\/2018\/03\/Capture-d\u2019\u00e9cran-2018-03-02-\u00e0-15.06.15.png\" alt=\"\" width=\"2022\" height=\"456\" srcset=\"https:\/\/new-taipei-city2018.aic-iac.org\/wp-content\/uploads\/sites\/3\/2018\/03\/Capture-d\u2019\u00e9cran-2018-03-02-\u00e0-15.06.15.png 2022w, https:\/\/new-taipei-city2018.aic-iac.org\/wp-content\/uploads\/sites\/3\/2018\/03\/Capture-d\u2019\u00e9cran-2018-03-02-\u00e0-15.06.15-300x68.png 300w, https:\/\/new-taipei-city2018.aic-iac.org\/wp-content\/uploads\/sites\/3\/2018\/03\/Capture-d\u2019\u00e9cran-2018-03-02-\u00e0-15.06.15-768x173.png 768w, https:\/\/new-taipei-city2018.aic-iac.org\/wp-content\/uploads\/sites\/3\/2018\/03\/Capture-d\u2019\u00e9cran-2018-03-02-\u00e0-15.06.15-940x212.png 940w\" sizes=\"auto, (max-width: 2022px) 100vw, 2022px\" \/><\/td>\n<\/tr>\n<tr>\n<td style=\"width: 602px;\" colspan=\"2\"><img loading=\"lazy\" decoding=\"async\" class=\"alignnone wp-image-307 size-full\" src=\"https:\/\/new-taipei-city2018.aic-iac.org\/wp-content\/uploads\/sites\/3\/2018\/03\/Capture-d\u2019\u00e9cran-2018-03-02-\u00e0-15.05.44.png\" alt=\"\" width=\"2022\" height=\"464\" srcset=\"https:\/\/new-taipei-city2018.aic-iac.org\/wp-content\/uploads\/sites\/3\/2018\/03\/Capture-d\u2019\u00e9cran-2018-03-02-\u00e0-15.05.44.png 2022w, https:\/\/new-taipei-city2018.aic-iac.org\/wp-content\/uploads\/sites\/3\/2018\/03\/Capture-d\u2019\u00e9cran-2018-03-02-\u00e0-15.05.44-300x69.png 300w, https:\/\/new-taipei-city2018.aic-iac.org\/wp-content\/uploads\/sites\/3\/2018\/03\/Capture-d\u2019\u00e9cran-2018-03-02-\u00e0-15.05.44-768x176.png 768w, https:\/\/new-taipei-city2018.aic-iac.org\/wp-content\/uploads\/sites\/3\/2018\/03\/Capture-d\u2019\u00e9cran-2018-03-02-\u00e0-15.05.44-940x216.png 940w\" sizes=\"auto, (max-width: 2022px) 100vw, 2022px\" \/><\/td>\n<\/tr>\n<tr>\n<td style=\"width: 602px;\" colspan=\"2\"><img loading=\"lazy\" decoding=\"async\" class=\"alignnone wp-image-309 size-full\" style=\"font-family: inherit;\" src=\"https:\/\/new-taipei-city2018.aic-iac.org\/wp-content\/uploads\/sites\/3\/2018\/03\/Capture-d\u2019\u00e9cran-2018-03-02-\u00e0-15.06.37.png\" alt=\"\" width=\"1682\" height=\"454\" srcset=\"https:\/\/new-taipei-city2018.aic-iac.org\/wp-content\/uploads\/sites\/3\/2018\/03\/Capture-d\u2019\u00e9cran-2018-03-02-\u00e0-15.06.37.png 1682w, https:\/\/new-taipei-city2018.aic-iac.org\/wp-content\/uploads\/sites\/3\/2018\/03\/Capture-d\u2019\u00e9cran-2018-03-02-\u00e0-15.06.37-300x81.png 300w, https:\/\/new-taipei-city2018.aic-iac.org\/wp-content\/uploads\/sites\/3\/2018\/03\/Capture-d\u2019\u00e9cran-2018-03-02-\u00e0-15.06.37-768x207.png 768w, https:\/\/new-taipei-city2018.aic-iac.org\/wp-content\/uploads\/sites\/3\/2018\/03\/Capture-d\u2019\u00e9cran-2018-03-02-\u00e0-15.06.37-940x254.png 940w\" sizes=\"auto, (max-width: 1682px) 100vw, 1682px\" \/><\/td>\n<\/tr>\n<tr>\n<td style=\"width: 289.703125px;\">\u00a0<\/td>\n<td style=\"width: 312.296875px;\">\u00a0<\/td>\n<\/tr>\n<\/tbody>\n<\/table>\n<p>&nbsp;<\/p>\n","protected":false,"raw":"<table style=\"width: 617px;\">\r\n<tbody>\r\n<tr>\r\n<td style=\"width: 289.703125px;\">\r\n<p>The 48th Congress of the Academy in New Taipei City is organized by the Yingge Ceramics Museum (YCM) and the International Academy of Ceramics (IAC). Co-organizers include the Ministry of Culture, the New Taipei City Government, New Taipei City Culture and Affairs Department, Chinese Association of Museums, with additional support from other institution, associations, art galleries and artists. All of these supports are significant contributions that will ensure the success of this global ceramic event.<\/p>\r\n<span class=\"caption\">Supervisor: Ministry of Culture<br \/><span style=\"font-family: inherit;\">Organizer: New Taipei City Government<br \/><\/span><span style=\"font-family: inherit;\">Executive organizers: New Taipei City Cultural Affairs Department, New Taipei City Yingge Ceramics Museum &amp; IAC<br \/><\/span><span style=\"font-family: inherit;\">Co-organizer: Chinese Association of Museums<\/span><\/span><\/td>\r\n<td style=\"width: 312.296875px;\">\u00a0<img class=\"alignnone size-medium wp-image-321\" src=\"https:\/\/new-taipei-city2018.aic-iac.org\/wp-content\/uploads\/sites\/3\/2018\/03\/Exhibition-surrounding-the-Congress-1-300x401.jpg\" alt=\"\" width=\"300\" height=\"401\" \/><\/td>\r\n<\/tr>\r\n<tr>\r\n<td style=\"width: 602px;\" colspan=\"2\"><img class=\"alignnone wp-image-308 size-full\" src=\"https:\/\/new-taipei-city2018.aic-iac.org\/wp-content\/uploads\/sites\/3\/2018\/03\/Capture-d\u2019\u00e9cran-2018-03-02-\u00e0-15.06.15.png\" alt=\"\" width=\"2022\" height=\"456\" \/><\/td>\r\n<\/tr>\r\n<tr>\r\n<td style=\"width: 602px;\" colspan=\"2\"><img class=\"alignnone wp-image-307 size-full\" src=\"https:\/\/new-taipei-city2018.aic-iac.org\/wp-content\/uploads\/sites\/3\/2018\/03\/Capture-d\u2019\u00e9cran-2018-03-02-\u00e0-15.05.44.png\" alt=\"\" width=\"2022\" height=\"464\" \/><\/td>\r\n<\/tr>\r\n<tr>\r\n<td style=\"width: 602px;\" colspan=\"2\"><img class=\"alignnone wp-image-309 size-full\" style=\"font-family: inherit;\" src=\"https:\/\/new-taipei-city2018.aic-iac.org\/wp-content\/uploads\/sites\/3\/2018\/03\/Capture-d\u2019\u00e9cran-2018-03-02-\u00e0-15.06.37.png\" alt=\"\" width=\"1682\" height=\"454\" \/><\/td>\r\n<\/tr>\r\n<tr>\r\n<td style=\"width: 289.703125px;\">\u00a0<\/td>\r\n<td style=\"width: 312.296875px;\">\u00a0<\/td>\r\n<\/tr>\r\n<\/tbody>\r\n<\/table>\r\n<p>&nbsp;<\/p>"},"excerpt":{"rendered":"<p>The 48th Congress of the Academy in New Taipei City is organized by the Yingge Ceramics Museum (YCM) and the International Academy of Ceramics (IAC). <\/p>\n","protected":false,"raw":"The 48th Congress of the Academy in New Taipei City is organized by the Yingge Ceramics Museum (YCM) and the International Academy of Ceramics (IAC). "},"author":4,"featured_media":313,"parent":0,"menu_order":0,"comment_status":"closed","ping_status":"closed","template":"","meta":{"_en_post_content":"<table style=\"width: 617px;\">\r\n<tbody>\r\n<tr>\r\n<td style=\"width: 289.703125px;\">\r\n<p>The 48th Congress of the Academy in New Taipei City is organized by the Yingge Ceramics Museum (YCM) and the International Academy of Ceramics (IAC). Co-organizers include the Ministry of Culture, the New Taipei City Government, New Taipei City Culture and Affairs Department, Chinese Association of Museums, with additional support from other institution, associations, art galleries and artists. All of these supports are significant contributions that will ensure the success of this global ceramic event.<\/p>\r\n<span class=\"caption\">Supervisor: Ministry of Culture<br \/><span style=\"font-family: inherit;\">Organizer: New Taipei City Government<br \/><\/span><span style=\"font-family: inherit;\">Executive organizers: New Taipei City Cultural Affairs Department, New Taipei City Yingge Ceramics Museum &amp; IAC<br \/><\/span><span style=\"font-family: inherit;\">Co-organizer: Chinese Association of Museums<\/span><\/span><\/td>\r\n<td style=\"width: 312.296875px;\">\u00a0<img class=\"alignnone size-medium wp-image-321\" src=\"https:\/\/new-taipei-city2018.aic-iac.org\/wp-content\/uploads\/sites\/3\/2018\/03\/Exhibition-surrounding-the-Congress-1-300x401.jpg\" alt=\"\" width=\"300\" height=\"401\" \/><\/td>\r\n<\/tr>\r\n<tr>\r\n<td style=\"width: 602px;\" colspan=\"2\"><img class=\"alignnone wp-image-308 size-full\" src=\"https:\/\/new-taipei-city2018.aic-iac.org\/wp-content\/uploads\/sites\/3\/2018\/03\/Capture-d\u2019\u00e9cran-2018-03-02-\u00e0-15.06.15.png\" alt=\"\" width=\"2022\" height=\"456\" \/><\/td>\r\n<\/tr>\r\n<tr>\r\n<td style=\"width: 602px;\" colspan=\"2\"><img class=\"alignnone wp-image-307 size-full\" src=\"https:\/\/new-taipei-city2018.aic-iac.org\/wp-content\/uploads\/sites\/3\/2018\/03\/Capture-d\u2019\u00e9cran-2018-03-02-\u00e0-15.05.44.png\" alt=\"\" width=\"2022\" height=\"464\" \/><\/td>\r\n<\/tr>\r\n<tr>\r\n<td style=\"width: 602px;\" colspan=\"2\"><img class=\"alignnone wp-image-309 size-full\" style=\"font-family: inherit;\" src=\"https:\/\/new-taipei-city2018.aic-iac.org\/wp-content\/uploads\/sites\/3\/2018\/03\/Capture-d\u2019\u00e9cran-2018-03-02-\u00e0-15.06.37.png\" alt=\"\" width=\"1682\" height=\"454\" \/><\/td>\r\n<\/tr>\r\n<tr>\r\n<td style=\"width: 289.703125px;\">\u00a0<\/td>\r\n<td style=\"width: 312.296875px;\">\u00a0<\/td>\r\n<\/tr>\r\n<\/tbody>\r\n<\/table>\r\n<p>&nbsp;<\/p>","_en_post_name":"organizing-institutions-partners-and-sponsors","_en_post_excerpt":"The 48th Congress of the Academy in New Taipei City is organized by the Yingge Ceramics Museum (YCM) and the International Academy of Ceramics (IAC). ","_en_post_title":"Organizing institutions, partners and sponsors","_fr_post_content":"<table style=\"width: 617px;\">\r\n<tbody>\r\n<tr>\r\n<td style=\"width: 289.703125px;\">\r\n<p>&nbsp;<\/p>\r\n<p>Le 48\u00e8me Congr\u00e8s de l'AIC \u00e0 New Taipei est organis\u00e9 par le Yingge Ceramics Museum et l'Acad\u00e9mie Internationale de la C\u00e9ramique. Les co-organisateurs sont le minist\u00e8re de la Culture, le gouvernement de la ville de New Taipei, le d\u00e9partement de la culture et des affaires de la ville de New Taipei, l'association chinoise des mus\u00e9es et d'autres institutions, associations, galeries d'art et artistes. Ces partenaires offrent des contributions significatives qui assureront le succ\u00e8s de cet \u00e9v\u00e9nement international de la c\u00e9ramique.<\/p>\r\n<span class=\"caption\">Superviseur: Minist\u00e8re de la Culture<br \/>Organisateur: Gouvernement de la ville de New Taipei<br \/>Organisateurs ex\u00e9cutifs: D\u00e9partement des Affaires Culturelles de la ville de New Taipei, Mus\u00e9e de la C\u00e9ramique \u00a0de Yingge \u00a0et l'AIC<br \/>Co-organisateur: Association chinoise des mus\u00e9es<\/span><\/td>\r\n<td style=\"width: 312.296875px;\">\u00a0<img class=\"alignnone size-medium wp-image-321\" src=\"https:\/\/new-taipei-city2018.aic-iac.org\/wp-content\/uploads\/sites\/3\/2018\/03\/Exhibition-surrounding-the-Congress-1-300x401.jpg\" alt=\"\" width=\"300\" height=\"401\" \/><\/td>\r\n<\/tr>\r\n<tr>\r\n<td style=\"width: 602px;\" colspan=\"2\"><img class=\"alignnone wp-image-308 size-full\" src=\"https:\/\/new-taipei-city2018.aic-iac.org\/wp-content\/uploads\/sites\/3\/2018\/03\/Capture-d\u2019\u00e9cran-2018-03-02-\u00e0-15.06.15.png\" alt=\"\" width=\"2022\" height=\"456\" \/><\/td>\r\n<\/tr>\r\n<tr>\r\n<td style=\"width: 602px;\" colspan=\"2\"><img class=\"alignnone wp-image-307 size-full\" src=\"https:\/\/new-taipei-city2018.aic-iac.org\/wp-content\/uploads\/sites\/3\/2018\/03\/Capture-d\u2019\u00e9cran-2018-03-02-\u00e0-15.05.44.png\" alt=\"\" width=\"2022\" height=\"464\" \/><\/td>\r\n<\/tr>\r\n<tr>\r\n<td style=\"width: 602px;\" colspan=\"2\"><img class=\"alignnone wp-image-309 size-full\" style=\"font-family: inherit;\" src=\"https:\/\/new-taipei-city2018.aic-iac.org\/wp-content\/uploads\/sites\/3\/2018\/03\/Capture-d\u2019\u00e9cran-2018-03-02-\u00e0-15.06.37.png\" alt=\"\" width=\"1682\" height=\"454\" \/><\/td>\r\n<\/tr>\r\n<tr>\r\n<td style=\"width: 289.703125px;\">\u00a0<\/td>\r\n<td style=\"width: 312.296875px;\">\u00a0<\/td>\r\n<\/tr>\r\n<\/tbody>\r\n<\/table>\r\n<p>&nbsp;<\/p>","_fr_post_name":"brouillon-auto","_fr_post_excerpt":"Le 48\u00e8me Congr\u00e8s de l'AIC \u00e0 New Taipei est organis\u00e9 par le Yingge Ceramics Museum et l'Acad\u00e9mie Internationale de la C\u00e9ramique.","_fr_post_title":"ORGANIZING INSTITUTIONS, PARTNERS AND SPONSORS","_zh_post_content":"<table style=\"width: 617px;\">\r\n<tbody>\r\n<tr>\r\n<td style=\"width: 289.703125px;\">\r\n<p>&nbsp;<\/p>\r\n<p>\u9019\u6b21\u65bc\u65b0\u5317\u5e02\u8fa6\u7406\u7b2c48\u5c46IAC\u570b\u969b\u6703\u54e1\u5927\u6703\u4e3b\u8981\u7531\u65b0\u5317\u5e02\u7acb\u9daf\u6b4c\u9676\u74f7\u535a\u7269\u9928\u627f\u8fa6\uff0c\u672c\u5927\u6703\u7372\u5f97\u6587\u5316\u90e8\u3001\u65b0\u5317\u5e02\u653f\u5e9c\u3001\u65b0\u5317\u5e02\u653f\u5e9c\u6587\u5316\u5c40\u3001\u4e2d\u83ef\u6c11\u570b\u535a\u7269\u9928\u5b78\u6703\u5404\u9805\u8cc7\u6e90\u5354\u52a9\uff0c\u4e26\u8207\u5404\u5730\u7684\u5c08\u696d\u9676\u85dd\u5b78\u6821\u3001\u535a\u7269\u9928\u3001\u5728\u5730\u85dd\u5eca\u3001\u9676\u85dd\u5bb6\u5de5\u4f5c\u5ba4\u901a\u529b\u5408\u4f5c\uff0c\u900f\u904e\u5c08\u696d\u5206\u5de5\u7684\u5718\u968a\uff0c\u529b\u6c42\u672c\u6b21\u5e74\u6703\u6210\u529f\u5713\u6eff\u3002<\/p>\r\n<p>\u5408\u4f5c\u55ae\u4f4d<br \/><span style=\"font-family: inherit;\">\u6307\u5c0e\u55ae\u4f4d:\u6587\u5316\u90e8<br \/><\/span><span style=\"font-family: inherit;\">\u4e3b\u8fa6\u55ae\u4f4d:\u65b0\u5317\u5e02\u653f\u5e9c<br \/><\/span><span style=\"font-family: inherit;\">\u627f\u8fa6\u55ae\u4f4d:\u65b0\u5317\u5e02\u653f\u5e9c\u6587\u5316\u5c40\uff0c\u65b0\u5317\u5e02\u7acb\u9daf\u6b4c\u9676\u74f7\u535a\u7269\u9928\uff0c\u00a0IAC<br \/><\/span><span style=\"font-family: inherit;\">\u5354\u8fa6\u55ae\u4f4d:\u4e2d\u83ef\u6c11\u570b\u535a\u7269\u9928\u5b78\u6703<\/span><\/p>\r\n<\/td>\r\n<td style=\"width: 312.296875px;\">\u00a0<img class=\"alignnone size-medium wp-image-321\" src=\"https:\/\/new-taipei-city2018.aic-iac.org\/wp-content\/uploads\/sites\/3\/2018\/03\/Exhibition-surrounding-the-Congress-1-300x401.jpg\" alt=\"\" width=\"300\" height=\"401\" \/><\/td>\r\n<\/tr>\r\n<tr>\r\n<td style=\"width: 602px;\" colspan=\"2\"><img class=\"alignnone wp-image-308 size-full\" src=\"https:\/\/new-taipei-city2018.aic-iac.org\/wp-content\/uploads\/sites\/3\/2018\/03\/Capture-d\u2019\u00e9cran-2018-03-02-\u00e0-15.06.15.png\" alt=\"\" width=\"2022\" height=\"456\" \/><\/td>\r\n<\/tr>\r\n<tr>\r\n<td style=\"width: 602px;\" colspan=\"2\"><img class=\"alignnone wp-image-307 size-full\" src=\"https:\/\/new-taipei-city2018.aic-iac.org\/wp-content\/uploads\/sites\/3\/2018\/03\/Capture-d\u2019\u00e9cran-2018-03-02-\u00e0-15.05.44.png\" alt=\"\" width=\"2022\" height=\"464\" \/><\/td>\r\n<\/tr>\r\n<tr>\r\n<td style=\"width: 602px;\" colspan=\"2\"><img class=\"alignnone wp-image-309 size-full\" style=\"font-family: inherit;\" src=\"https:\/\/new-taipei-city2018.aic-iac.org\/wp-content\/uploads\/sites\/3\/2018\/03\/Capture-d\u2019\u00e9cran-2018-03-02-\u00e0-15.06.37.png\" alt=\"\" width=\"1682\" height=\"454\" \/><\/td>\r\n<\/tr>\r\n<tr>\r\n<td style=\"width: 289.703125px;\">\u00a0<\/td>\r\n<td style=\"width: 312.296875px;\">\u00a0<\/td>\r\n<\/tr>\r\n<\/tbody>\r\n<\/table>\r\n<p>&nbsp;<\/p>","_zh_post_name":"brouillon-auto","_zh_post_excerpt":"\u9019\u6b21\u65bc\u65b0\u5317\u5e02\u8fa6\u7406\u7b2c48\u5c46IAC\u570b\u969b\u6703\u54e1\u5927\u6703\u4e3b\u8981\u7531\u65b0\u5317\u5e02\u7acb\u9daf\u6b4c\u9676\u74f7\u535a\u7269\u9928\u627f\u8fa6","_zh_post_title":"\u7c4c\u756b\u55ae\u4f4d\u3001\u5354\u8fa6\u55ae\u4f4d\u8207\u8d0a\u52a9\u55ae\u4f4d","edit_language":"en","footnotes":""},"class_list":["post-303","page","type-page","status-publish","has-post-thumbnail","hentry"],"_links":{"self":[{"href":"https:\/\/new-taipei-city2018.aic-iac.org\/en\/wp-json\/wp\/v2\/pages\/303","targetHints":{"allow":["GET"]}}],"collection":[{"href":"https:\/\/new-taipei-city2018.aic-iac.org\/en\/wp-json\/wp\/v2\/pages"}],"about":[{"href":"https:\/\/new-taipei-city2018.aic-iac.org\/en\/wp-json\/wp\/v2\/types\/page"}],"author":[{"embeddable":true,"href":"https:\/\/new-taipei-city2018.aic-iac.org\/en\/wp-json\/wp\/v2\/users\/4"}],"replies":[{"embeddable":true,"href":"https:\/\/new-taipei-city2018.aic-iac.org\/en\/wp-json\/wp\/v2\/comments?post=303"}],"version-history":[{"count":11,"href":"https:\/\/new-taipei-city2018.aic-iac.org\/en\/wp-json\/wp\/v2\/pages\/303\/revisions"}],"predecessor-version":[{"id":306,"href":"https:\/\/new-taipei-city2018.aic-iac.org\/en\/wp-json\/wp\/v2\/pages\/303\/revisions\/306"}],"wp:featuredmedia":[{"embeddable":true,"href":"https:\/\/new-taipei-city2018.aic-iac.org\/en\/wp-json\/wp\/v2\/media\/313"}],"wp:attachment":[{"href":"https:\/\/new-taipei-city2018.aic-iac.org\/en\/wp-json\/wp\/v2\/media?parent=303"}],"curies":[{"name":"wp","href":"https:\/\/api.w.org\/{rel}","templated":true}]}}