{"id":81,"date":"2018-01-23T18:01:38","date_gmt":"2018-01-23T17:01:38","guid":{"rendered":"http:\/\/new-taipei-city2018.aic-iac.org\/?page_id=81"},"modified":"2018-09-22T13:00:36","modified_gmt":"2018-09-22T11:00:36","slug":"biennale-ceramique-du-taipei-chinois-2018","status":"publish","type":"page","link":"https:\/\/new-taipei-city2018.aic-iac.org\/en\/exhibitions\/biennale-ceramique-du-taipei-chinois-2018\/","title":{"rendered":"2018 Taiwan Ceramics Biennale","raw":"2018 Taiwan Ceramics Biennale"},"content":{"rendered":"<table>\n<tbody>\n<tr>\n<td colspan=\"2\">\n<p><img loading=\"lazy\" decoding=\"async\" class=\"alignnone wp-image-450 size-full\" src=\"https:\/\/new-taipei-city2018.aic-iac.org\/wp-content\/uploads\/sites\/3\/2018\/09\/bie.jpg\" alt=\"\" width=\"1205\" height=\"1706\" srcset=\"https:\/\/new-taipei-city2018.aic-iac.org\/wp-content\/uploads\/sites\/3\/2018\/09\/bie.jpg 1205w, https:\/\/new-taipei-city2018.aic-iac.org\/wp-content\/uploads\/sites\/3\/2018\/09\/bie-300x425.jpg 300w, https:\/\/new-taipei-city2018.aic-iac.org\/wp-content\/uploads\/sites\/3\/2018\/09\/bie-768x1087.jpg 768w, https:\/\/new-taipei-city2018.aic-iac.org\/wp-content\/uploads\/sites\/3\/2018\/09\/bie-940x1331.jpg 940w\" sizes=\"auto, (max-width: 1205px) 100vw, 1205px\" \/><\/p>\n<\/td>\n<\/tr>\n<tr>\n<td>\n<p>\u00a0&#8220;HUMANISTIC RETURN:THE SPIRITUAL ORIGIN OF CERAMIC ART&#8221;<\/p>\n<p>For the &#8220;2018 Taiwan\u00a0Ceramics Biennale&#8221;, we have invited an IAC member Ms. Ting-Ju Shao to be the curator. The Biennale will start from the original link between human and earth, and explore the possibilities between humanistic creation and time. The aim of this exhibition is to build a conversation between Asian ceramics art and culture from the perspective of Chinese Taipei. It is corresponding with the theme of the IAC Congress\u2014New Orientalia. In addition, the Biennale will highlight the cooperation with important ceramics museums in Asia.<\/p>\n<p>&nbsp;<\/p>\n<p>&nbsp;<\/p>\n<\/td>\n<td>\n<p>The &#8220;2018 Taiwan Ceramics Biennale&#8221;\u00a0will provide opportunities for artists not only to exhibit but experience artists-in-residency program in our museum. Besides, we will invite senior curators, local ceramics researchers and ceramic artists to share their experiences in various workshops and lectures. In hopes that this year Biennale 2018 will display a profound aspect of Chinese Taipei culture to the ceramic artists and the people from all over the world.<\/p>\n<hr \/>\n<p>INFORMATION\u00a0<\/p>\n<p>Biennale exhibition: Sep 7, 2018 ~ March 3, 2019<\/p>\n<p>Venue: 3F Gallery, Taipei City Yingge Ceramics Museum<\/p>\n<p>Address: No.200, Wenhua Rd., Yingge Dist., New Taipei City 239, Chinese Taipei<\/p>\n<p><a href=\"http:\/\/public.ceramics.ntpc.gov.tw\/biennale\/en\/index.html\">&gt;&gt; Biennale web site, click here<\/a><\/p>\n<p>&nbsp;<\/p>\n<p>VENUE: <br \/>3F Gallery, Taipei City Yingge Ceramics Museum<br \/>No.200, Wenhua Rd., Yingge Dist., New Taipei City 239<\/p>\n<\/td>\n<\/tr>\n<\/tbody>\n<\/table>\n<p>&nbsp;<\/p>\n","protected":false,"raw":"<table>\r\n<tbody>\r\n<tr>\r\n<td colspan=\"2\">\r\n<p><img class=\"alignnone wp-image-450 size-full\" src=\"https:\/\/new-taipei-city2018.aic-iac.org\/wp-content\/uploads\/sites\/3\/2018\/09\/bie.jpg\" alt=\"\" width=\"1205\" height=\"1706\" \/><\/p>\r\n<\/td>\r\n<\/tr>\r\n<tr>\r\n<td>\r\n<p>\u00a0\"HUMANISTIC RETURN:THE SPIRITUAL ORIGIN OF CERAMIC ART\"<\/p>\r\n<p>For the \"2018 Taiwan\u00a0Ceramics Biennale\", we have invited an IAC member Ms. Ting-Ju Shao to be the curator. The Biennale will start from the original link between human and earth, and explore the possibilities between humanistic creation and time. The aim of this exhibition is to build a conversation between Asian ceramics art and culture from the perspective of Chinese Taipei. It is corresponding with the theme of the IAC Congress\u2014New Orientalia. In addition, the Biennale will highlight the cooperation with important ceramics museums in Asia.<\/p>\r\n<p>&nbsp;<\/p>\r\n<p>&nbsp;<\/p>\r\n<\/td>\r\n<td>\r\n<p>The \"2018 Taiwan Ceramics Biennale\"\u00a0will provide opportunities for artists not only to exhibit but experience artists-in-residency program in our museum. Besides, we will invite senior curators, local ceramics researchers and ceramic artists to share their experiences in various workshops and lectures. In hopes that this year Biennale 2018 will display a profound aspect of Chinese Taipei culture to the ceramic artists and the people from all over the world.<\/p>\r\n<hr \/>\r\n<p>INFORMATION\u00a0<\/p>\r\n<p>Biennale exhibition: Sep 7, 2018 ~ March 3, 2019<\/p>\r\n<p>Venue: 3F Gallery, Taipei City Yingge Ceramics Museum<\/p>\r\n<p>Address: No.200, Wenhua Rd., Yingge Dist., New Taipei City 239, Chinese Taipei<\/p>\r\n<a href=\"http:\/\/public.ceramics.ntpc.gov.tw\/biennale\/en\/index.html\">&gt;&gt; Biennale web site, click here<\/a>\r\n<p>&nbsp;<\/p>\r\n<p>VENUE: <br \/>3F Gallery, Taipei City Yingge Ceramics Museum<br \/>No.200, Wenhua Rd., Yingge Dist., New Taipei City 239<\/p>\r\n<\/td>\r\n<\/tr>\r\n<\/tbody>\r\n<\/table>\r\n<p>&nbsp;<\/p>"},"excerpt":{"rendered":"<p>Biennale exhibition: Sep 7, 2018 ~ March 3, 2019<\/p>\n","protected":false,"raw":"Biennale exhibition: Sep 7, 2018 ~ March 3, 2019"},"author":4,"featured_media":450,"parent":9,"menu_order":0,"comment_status":"closed","ping_status":"closed","template":"","meta":{"_en_post_content":"<table>\r\n<tbody>\r\n<tr>\r\n<td colspan=\"2\">\r\n<p><img class=\"alignnone wp-image-450 size-full\" src=\"https:\/\/new-taipei-city2018.aic-iac.org\/wp-content\/uploads\/sites\/3\/2018\/09\/bie.jpg\" alt=\"\" width=\"1205\" height=\"1706\" \/><\/p>\r\n<\/td>\r\n<\/tr>\r\n<tr>\r\n<td>\r\n<p>\u00a0\"HUMANISTIC RETURN:THE SPIRITUAL ORIGIN OF CERAMIC ART\"<\/p>\r\n<p>For the \"2018 Taiwan\u00a0Ceramics Biennale\", we have invited an IAC member Ms. Ting-Ju Shao to be the curator. The Biennale will start from the original link between human and earth, and explore the possibilities between humanistic creation and time. The aim of this exhibition is to build a conversation between Asian ceramics art and culture from the perspective of Chinese Taipei. It is corresponding with the theme of the IAC Congress\u2014New Orientalia. In addition, the Biennale will highlight the cooperation with important ceramics museums in Asia.<\/p>\r\n<p>&nbsp;<\/p>\r\n<p>&nbsp;<\/p>\r\n<\/td>\r\n<td>\r\n<p>The \"2018 Taiwan Ceramics Biennale\"\u00a0will provide opportunities for artists not only to exhibit but experience artists-in-residency program in our museum. Besides, we will invite senior curators, local ceramics researchers and ceramic artists to share their experiences in various workshops and lectures. In hopes that this year Biennale 2018 will display a profound aspect of Chinese Taipei culture to the ceramic artists and the people from all over the world.<\/p>\r\n<hr \/>\r\n<p>INFORMATION\u00a0<\/p>\r\n<p>Biennale exhibition: Sep 7, 2018 ~ March 3, 2019<\/p>\r\n<p>Venue: 3F Gallery, Taipei City Yingge Ceramics Museum<\/p>\r\n<p>Address: No.200, Wenhua Rd., Yingge Dist., New Taipei City 239, Chinese Taipei<\/p>\r\n<a href=\"http:\/\/public.ceramics.ntpc.gov.tw\/biennale\/en\/index.html\">&gt;&gt; Biennale web site, click here<\/a>\r\n<p>&nbsp;<\/p>\r\n<p>VENUE: <br \/>3F Gallery, Taipei City Yingge Ceramics Museum<br \/>No.200, Wenhua Rd., Yingge Dist., New Taipei City 239<\/p>\r\n<\/td>\r\n<\/tr>\r\n<\/tbody>\r\n<\/table>\r\n<p>&nbsp;<\/p>","_en_post_name":"biennale-ceramique-du-taipei-chinois-2018","_en_post_excerpt":"Biennale exhibition: Sep 7, 2018 ~ March 3, 2019","_en_post_title":"2018 Taiwan Ceramics Biennale","_fr_post_content":"<table>\r\n<tbody>\r\n<tr>\r\n<td colspan=\"2\">\r\n<p><img class=\"alignnone wp-image-450 size-full\" src=\"https:\/\/new-taipei-city2018.aic-iac.org\/wp-content\/uploads\/sites\/3\/2018\/09\/bie.jpg\" alt=\"\" width=\"1205\" height=\"1706\" \/><\/p>\r\n<\/td>\r\n<\/tr>\r\n<tr>\r\n<td>\r\n<p>\"REVENIR \u00c0 L'\u00caTRE: L'ORIGINE SPIRITUELLE DE L'ART C\u00c9RAMIQUE\"<\/p>\r\n<p>Nous avons invit\u00e9 Mme Ting-Ju Shao, membre de l\u2019AIC, pour assurer la curation de l\u2019\u00e9dition 2018 de la Biennale de la C\u00e9ramique. La Biennale partira du lien original entre humains et terre, pour explorer les possibilit\u00e9s entre cr\u00e9ation humaine et temps.\u00a0 L\u2019objectif de cette exposition est de construire une conversation entre l\u2019art et la culture c\u00e9ramique asiatique du point de vue de Taipei. Le th\u00e8me de la Biennale s\u2019accorde ainsi avec celui du Congr\u00e8s de l\u2019AIC: Nouvel Orientalia. Par ailleurs, la Biennale mettra en valeur la coop\u00e9ration importante qui existe entre les mus\u00e9es de la c\u00e9ramique en Asie.<\/p>\r\n<p>&nbsp;<\/p>\r\n<p>&nbsp;<\/p>\r\n<p>&nbsp;<\/p>\r\n<\/td>\r\n<td>\r\n<p>La Biennale de la C\u00e9ramique de 2018 donnera aux artistes l\u2019occasion, non seulement d\u2019exposer leurs \u0153uvres mais \u00e9galement de prendre part \u00e0 des programmes de r\u00e9sidences d\u2019artistes dans les mus\u00e9es du Taipei Chinois. En outre, des curatrices et curateurs d\u2019exp\u00e9rience, des chercheuses et chercheurs dans le domaine de la c\u00e9ramique et des artistes-c\u00e9ramistes seront convi\u00e9-e-s pour partager leurs exp\u00e9riences au cours de plusieurs ateliers et conf\u00e9rences. Les organisateurs esp\u00e8rent que cette \u00e9dition 2018 de la Biennale donnera \u00e0 voir une composante profonde de la culture locale aux artistes c\u00e9ramiques et aux visiteurs-euses du monde entier.<\/p>\r\n<hr \/>\r\n<p>INFORMATION\u00a0<\/p>\r\n<p>Exposition de la Biennale: du 7 septembre 2018 au 3 mars 2019<\/p>\r\n<p>Lieu: 3F Gallery, Mus\u00e9e de la C\u00e9ramique de Yingge (New Taipei City Yingge Ceramics Museum)<\/p>\r\n<p>Adresse: No.200, Wenhua Rd., Yingge Dist., New Taipei City 239<\/p>\r\n<a href=\"http:\/\/public.ceramics.ntpc.gov.tw\/biennale\/en\/index.html\">&gt;&gt;\u00a0Site internet de la Biennale, cliquez ici<\/a>\r\n<p>&nbsp;<\/p>\r\n<p>LIEU: <br \/>3F Gallery, Taipei City Yingge Ceramics Museum<br \/>No.200, Wenhua Rd., Yingge Dist., New Taipei City 239<\/p>\r\n<\/td>\r\n<\/tr>\r\n<\/tbody>\r\n<\/table>\r\n<p>&nbsp;<\/p>","_fr_post_name":"biennale-ceramique-du-taipei-chinois-2018","_fr_post_excerpt":"du 7 septembre 2018 au 3 mars 2019","_fr_post_title":"Biennale C\u00e9ramique du Taipei Chinois 2018","_zh_post_content":"<p>&nbsp;<\/p>\r\n<table>\r\n<tbody>\r\n<tr>\r\n<td colspan=\"2\">\r\n<p><img class=\"alignnone wp-image-450 size-full\" src=\"https:\/\/new-taipei-city2018.aic-iac.org\/wp-content\/uploads\/sites\/3\/2018\/09\/bie.jpg\" alt=\"\" width=\"1205\" height=\"1706\" \/><\/p>\r\n<p>&nbsp;<\/p>\r\n<\/td>\r\n<\/tr>\r\n<tr>\r\n<td>\r\n<p>\u9676\u85dd\u7684\u4eba\u6587\u56de\u6b78\uff1a\u5f9e\u85dd\u8853\u7684\u7cbe\u795e\u539f\u9ede\u8ac7\u8d77<\/p>\r\n<p>2018\u5e74\u81fa\u7063\u570b\u969b\u9676\u85dd\u96d9\u5e74\u5c55\u9080\u8acb\u7b56\u5c55\u4eba\u66a8IAC\u6703\u54e1\u90b5\u5a77\u5982\u5973\u58eb\u7b56\u5c55\uff0c\u5f9e\u4eba\u8207\u571f\u5730\u7684\u539f\u751f\u806f\u7d50\u51fa\u767c\uff0c\u63a2\u8a0e\u5275\u4f5c\u8207\u6642\u4ee3\u8b8a\u9077\u4e4b\u9593\u7684\u8108\u7d61\u3002\u4ee5\u81fa\u7063\u8996\u89d2\u5efa\u69cb\u4e9e\u6d32\u9676\u85dd\u53ca\u6587\u5316\u7684\u5c0d\u8a71\uff0c\u547c\u61c9\u672c\u6b21\u570b\u969b\u9676\u85dd\u5b78\u6703\u5e74\u6703\u4e3b\u984c\u2013\u300c\u8de8\u754c\u2027\u6771\u65b9\u300d\uff0c\u4e26\u8207\u4e9e\u6d32\u91cd\u8981\u9676\u74f7\u535a\u7269\u9928\u5546\u8abf\u5178\u85cf\u54c1\u5c55\u51fa\uff0c\u5efa\u7acb\u9928\u969b\u4ea4\u6d41\u3002<\/p>\r\n<p>\u5c55\u89bd\u671f\u9593\u9664\u63d0\u4f9b\u4f5c\u54c1\u5c55\u51fa\u4ea4\u6d41\u4e4b\u5916\uff0c\u4ea6\u6709\u85dd\u8853\u5bb6\u99d0\u6751\u8a08\u756b\u3002\u53e6\u5c07\u9080\u8acb\u8cc7\u6df1\u7b56\u5c55\u4eba\u3001\u9676\u85dd\u7814\u7a76\u8005\uff0c\u642d\u914d\u9676\u85dd\u5bb6\u7684\u5275\u4f5c\u5206\u4eab\u9032\u884c\u5ea7\u8ac7\uff0c\u671f\u671b\u5728\u570b\u969b\u4ea4\u6d41\u4e2d\u5c07\u81fa\u7063\u6587\u5316\u7684\u6df1\u523b\u9762\u8c8c\u4ecb\u7d39\u7d66\u9676\u85dd\u754c\u53ca\u5404\u570b\u4eba\u58eb\u3002<\/p>\r\n<p>&nbsp;<\/p>\r\n<p>&nbsp;<\/p>\r\n<p>&nbsp;<\/p>\r\n<p>&nbsp;<\/p>\r\n<\/td>\r\n<td>\r\n<p>\u6b63\u5f0f\u958b\u5c55\uff1a2018\/9\/7\uff0d2019\/3\/3<\/p>\r\n<p>\u5c55\u51fa\u5730\u9ede\uff1a\u65b0\u5317\u5e02\u9daf\u6b4c\u9676\u74f7\u535a\u7269\u99283\u6a13\u7279\u5c55\u5ba4(23942\u65b0\u5317\u5e02\u9daf\u6b4c\u5340\u6587\u5316\u8def200\u865f)<\/p>\r\n<p><a href=\"http:\/\/public.ceramics.ntpc.gov.tw\/biennale\/\">\u7db2\u7ad9:<br \/>http:\/\/public.ceramics.ntpc.gov.tw\/biennale\/<\/a><\/p>\r\n<p>\u5c55\u51fa\u5730\u9ede\uff1a\u65b0\u5317\u5e02\u9daf\u6b4c\u9676\u74f7\u535a\u7269\u99283\u6a13\u7279\u5c55\u5ba4(23942\u65b0\u5317\u5e02\u9daf\u6b4c\u5340\u6587\u5316\u8def200\u865f)<\/p>\r\n<p><a href=\"http:\/\/www.2018iac.tw\/site\/page.aspx?pid=288&amp;sid=1198&amp;lang=cht\"><span style=\"color: #ff0000;\">&gt;&gt;<\/span> \u5176\u4ed6\u8a73\u7d30\u8cc7\u6599\u8acb\u4e0a\u5831\u540d\u7db2\u7ad9\u67e5\u8a62\u3002<\/a><\/p>\r\n<\/td>\r\n<\/tr>\r\n<\/tbody>\r\n<\/table>\r\n<p>&nbsp;<\/p>","_zh_post_name":"biennale-ceramique-du-taipei-chinois-2018","_zh_post_excerpt":"\u6b63\u5f0f\u958b\u5c55\uff1a2018\/9\/7\uff0d2019\/3\/3","_zh_post_title":"2018\u5e74\u81fa\u7063\u570b\u969b\u9676\u85dd\u96d9\u5e74","edit_language":"en","footnotes":""},"class_list":["post-81","page","type-page","status-publish","has-post-thumbnail","hentry"],"_links":{"self":[{"href":"https:\/\/new-taipei-city2018.aic-iac.org\/en\/wp-json\/wp\/v2\/pages\/81","targetHints":{"allow":["GET"]}}],"collection":[{"href":"https:\/\/new-taipei-city2018.aic-iac.org\/en\/wp-json\/wp\/v2\/pages"}],"about":[{"href":"https:\/\/new-taipei-city2018.aic-iac.org\/en\/wp-json\/wp\/v2\/types\/page"}],"author":[{"embeddable":true,"href":"https:\/\/new-taipei-city2018.aic-iac.org\/en\/wp-json\/wp\/v2\/users\/4"}],"replies":[{"embeddable":true,"href":"https:\/\/new-taipei-city2018.aic-iac.org\/en\/wp-json\/wp\/v2\/comments?post=81"}],"version-history":[{"count":12,"href":"https:\/\/new-taipei-city2018.aic-iac.org\/en\/wp-json\/wp\/v2\/pages\/81\/revisions"}],"predecessor-version":[{"id":83,"href":"https:\/\/new-taipei-city2018.aic-iac.org\/en\/wp-json\/wp\/v2\/pages\/81\/revisions\/83"}],"up":[{"embeddable":true,"href":"https:\/\/new-taipei-city2018.aic-iac.org\/en\/wp-json\/wp\/v2\/pages\/9"}],"wp:featuredmedia":[{"embeddable":true,"href":"https:\/\/new-taipei-city2018.aic-iac.org\/en\/wp-json\/wp\/v2\/media\/450"}],"wp:attachment":[{"href":"https:\/\/new-taipei-city2018.aic-iac.org\/en\/wp-json\/wp\/v2\/media?parent=81"}],"curies":[{"name":"wp","href":"https:\/\/api.w.org\/{rel}","templated":true}]}}