{"id":2,"date":"2017-07-10T11:51:07","date_gmt":"2017-07-10T09:51:07","guid":{"rendered":"http:\/\/new-taipei-city2018.aic-iac.org\/?page_id=2"},"modified":"2019-09-06T10:02:04","modified_gmt":"2019-09-06T08:02:04","slug":"about","status":"publish","type":"page","link":"https:\/\/new-taipei-city2018.aic-iac.org\/zh\/about\/","title":{"rendered":"\u95dc\u65bc","raw":"\u95dc\u65bc"},"content":{"rendered":"<table>\n<tbody>\n<tr>\n<td>\n<div id=\"attachment_44\" style=\"width: 950px\" class=\"wp-caption alignnone\"><img loading=\"lazy\" decoding=\"async\" aria-describedby=\"caption-attachment-44\" class=\"wp-image-44 size-large\" src=\"https:\/\/new-taipei-city2018.aic-iac.org\/wp-content\/uploads\/sites\/3\/2018\/01\/CKY_5519-copie-940x588.jpg\" alt=\"\" width=\"940\" height=\"588\" srcset=\"https:\/\/new-taipei-city2018.aic-iac.org\/wp-content\/uploads\/sites\/3\/2018\/01\/CKY_5519-copie-940x588.jpg 940w, https:\/\/new-taipei-city2018.aic-iac.org\/wp-content\/uploads\/sites\/3\/2018\/01\/CKY_5519-copie-300x188.jpg 300w, https:\/\/new-taipei-city2018.aic-iac.org\/wp-content\/uploads\/sites\/3\/2018\/01\/CKY_5519-copie-768x480.jpg 768w, https:\/\/new-taipei-city2018.aic-iac.org\/wp-content\/uploads\/sites\/3\/2018\/01\/CKY_5519-copie.jpg 992w\" sizes=\"auto, (max-width: 940px) 100vw, 940px\" \/><p id=\"caption-attachment-44\" class=\"wp-caption-text\">New Taipei City Yingge Ceramics Museum<\/p><\/div>\n<\/td>\n<\/tr>\n<\/tbody>\n<\/table>\n<table>\n<tbody>\n<tr>\n<td>\n<p>\u7b2c48\u5c46 IAC\u570b\u969b\u6703\u54e1\u5927\u6703\u5c07\u5728\u65b0\u5317\u5e02\u8209\u884c\uff0c\u5e74\u6703\u9810\u671f\u5c07\u57282018\u5e749\u670830\u65e5\u81f310\u67084\u65e5\u8fa6\u7406\uff0c\u9810\u8a08\u5c07\u6709300\u4eba\u53c3\u8207\u3002\u914d\u5408\u6703\u54e1\u4e3b\u984c\u5c55\u3001\u6703\u54e1\u5c0f\u54c1\u5c55\u3001\u6703\u524d\u6587\u5316\u4e4b\u65c5(9\u670826\u65e5\u81f39\u670828\u65e5)\u3001\u6703\u5f8c\u6587\u5316\u4e4b\u65c5(10\u67085\u65e5\u81f310\u67089\u65e5)\uff0c\u4ee5\u53ca\u5168\u81fa\u5404\u5730\u5171\u8944\u76db\u8209\u7684\u885b\u661f\u5c55\u5c55\u89bd\uff0c2018\u5e74\u5e74\u6703\u7cbe\u5f69\u53ef\u671f\u3002<\/p>\n<p>\u6703\u524d\u6587\u5316\u4e4b\u65c5\u4ee5\u81fa\u7063\u6771\u90e8\u5730\u5340\u539f\u4f4f\u6c11\u6587\u5316\u8207\u81ea\u7136\u751f\u614b\u7f8e\u666f\u70ba\u898f\u5283\u4e3b\u8ef8\uff0c\u5c07\u6709\u6a5f\u6703\u63a2\u8a2a\u592a\u9b6f\u95a3\u570b\u5bb6\u516c\u5712\u3001\u570b\u7acb\u50b3\u7d71\u6587\u5316\u4e2d\u5fc3\u50b3\u85dd\u6587\u5316\u5712\u5340\uff0c\u4ee5\u53ca\u611f\u53d7\u7f8e\u9e97\u7684\u81fa\u7063\u6771\u5317\u89d2\u98a8\u5149\u3002\u6703\u5f8c\u6587\u5316\u4e4b\u65c5\u4ee5\u81fa\u7063\u897f\u5357\u90e8\u7684\u9676\u74f7\u767c\u5c55\u3001\u53e4\u8e5f\u89c0\u5149\u70ba\u6838\u5fc3\uff0c\u884c\u7a0b\u9810\u8a08\u52a0\u5165\u5728\u5730\u7684\u7aaf\u5834\u3001\u6587\u5316\u89c0\u5149\u666f\u9ede\u3001\u9676\u85dd\u5de5\u4f5c\u5ba4\u7b49\u53c3\u89c0\u884c\u7a0b\uff0c\u5305\u542b\u6545\u5bae\u5357\u9662\u3001\u65e5\u6708\u6f6d\u7b49\u53c3\u8a2a\u666f\u9ede\u3002<\/p>\n<p>&nbsp;<\/p>\n<p>&nbsp;<\/p>\n<\/td>\n<td>\n<p>IAC\u6703\u54e1\u5927\u6703\u4e3b\u984c\u70ba\u300c\u8de8\u754c\u30fb\u6771\u65b9\u300d\uff0c\u65e8\u5728\u91dd\u5c0d\u300c\u662f\u4ec0\u9ebc\u69cb\u6210\u300e\u4f60\u6240\u77e5\u9053\u7684\u6771\u65b9\u300f\u300d\u9032\u884c\u6279\u5224\u6027\u53cd\u601d\u3002\u5927\u6703\u4e3b\u984c\u7684\u63a2\u7d22\u4e3b\u8981\u547c\u61c9\u81fa\u7063\u6240\u5177\u5099\u7684\u591a\u5143\u6587\u5316\u8207\u6587\u5316\u878d\u5408\u7684\u7279\u8272\u3002\u56e0\u5728\u5730\u7279\u6b8a\u7684\u6b77\u53f2\u80cc\u666f\u800c\u6df1\u53d7\u4e0d\u540c\u6587\u5316\u7684\u5f71\u97ff\uff0c\u5728\u5404\u7a2e\u6587\u5316\u7684\u885d\u64ca\u8207\u878d\u5408\u4e4b\u4e0b\uff0c\u81fa\u7063\u9010\u6f38\u767c\u5c55\u51fa\u81ea\u5df1\u7368\u7279\u7684\u6587\u5316\u3002\u672c\u6b21\u5927\u6703\u5c07\u63a2\u8a0e\u76ee\u524d\u4e9e\u6d32\u5728\u5168\u7403\u6587\u5316\u5f71\u97ff\u4e4b\u4e0b\u6240\u767c\u5c55\u51fa\u7684\u65b0\u6982\u5ff5\u8207\u50f9\u503c\u3002<\/p>\n<p>\u9019\u6b21\u65bc\u65b0\u5317\u5e02\u8fa6\u7406\u7b2c48\u5c46IAC\u570b\u969b\u6703\u54e1\u5927\u6703\u4e3b\u8981\u7531\u65b0\u5317\u5e02\u7acb\u9daf\u6b4c\u9676\u74f7\u535a\u7269\u9928\u627f\u8fa6\uff0c\u672c\u5927\u6703\u7372\u5f97\u6587\u5316\u90e8\u3001\u65b0\u5317\u5e02\u653f\u5e9c\u3001\u65b0\u5317\u5e02\u653f\u5e9c\u6587\u5316\u5c40\u3001\u4e2d\u83ef\u6c11\u570b\u535a\u7269\u9928\u5b78\u6703\u5404\u9805\u8cc7\u6e90\u5354\u52a9\uff0c\u4e26\u8207\u5168\u81fa\u5404\u5730\u7684\u5c08\u696d\u9676\u85dd\u5b78\u6821\u3001\u535a\u7269\u9928\u3001\u5728\u5730\u85dd\u5eca\u3001\u9676\u85dd\u5bb6\u5de5\u4f5c\u5ba4\u901a\u529b\u5408\u4f5c\uff0c\u900f\u904e\u5c08\u696d\u5206\u5de5\u7684\u5718\u968a\uff0c\u529b\u6c42\u672c\u6b21\u5e74\u6703\u6210\u529f\u5713\u6eff\u3002<\/p>\n<\/td>\n<\/tr>\n<\/tbody>\n<\/table>\n<p>&nbsp;<\/p>\n","protected":false,"raw":"<table>\r\n<tbody>\r\n<tr>\r\n<td>\r\n[caption id=\"attachment_44\" align=\"alignnone\" width=\"940\"]<img class=\"wp-image-44 size-large\" src=\"https:\/\/new-taipei-city2018.aic-iac.org\/wp-content\/uploads\/sites\/3\/2018\/01\/CKY_5519-copie-940x588.jpg\" alt=\"\" width=\"940\" height=\"588\" \/> New Taipei City Yingge Ceramics Museum[\/caption]\r\n<\/td>\r\n<\/tr>\r\n<\/tbody>\r\n<\/table>\r\n<table>\r\n<tbody>\r\n<tr>\r\n<td>\r\n<p>\u7b2c48\u5c46 IAC\u570b\u969b\u6703\u54e1\u5927\u6703\u5c07\u5728\u65b0\u5317\u5e02\u8209\u884c\uff0c\u5e74\u6703\u9810\u671f\u5c07\u57282018\u5e749\u670830\u65e5\u81f310\u67084\u65e5\u8fa6\u7406\uff0c\u9810\u8a08\u5c07\u6709300\u4eba\u53c3\u8207\u3002\u914d\u5408\u6703\u54e1\u4e3b\u984c\u5c55\u3001\u6703\u54e1\u5c0f\u54c1\u5c55\u3001\u6703\u524d\u6587\u5316\u4e4b\u65c5(9\u670826\u65e5\u81f39\u670828\u65e5)\u3001\u6703\u5f8c\u6587\u5316\u4e4b\u65c5(10\u67085\u65e5\u81f310\u67089\u65e5)\uff0c\u4ee5\u53ca\u5168\u81fa\u5404\u5730\u5171\u8944\u76db\u8209\u7684\u885b\u661f\u5c55\u5c55\u89bd\uff0c2018\u5e74\u5e74\u6703\u7cbe\u5f69\u53ef\u671f\u3002<\/p>\r\n<p>\u6703\u524d\u6587\u5316\u4e4b\u65c5\u4ee5\u81fa\u7063\u6771\u90e8\u5730\u5340\u539f\u4f4f\u6c11\u6587\u5316\u8207\u81ea\u7136\u751f\u614b\u7f8e\u666f\u70ba\u898f\u5283\u4e3b\u8ef8\uff0c\u5c07\u6709\u6a5f\u6703\u63a2\u8a2a\u592a\u9b6f\u95a3\u570b\u5bb6\u516c\u5712\u3001\u570b\u7acb\u50b3\u7d71\u6587\u5316\u4e2d\u5fc3\u50b3\u85dd\u6587\u5316\u5712\u5340\uff0c\u4ee5\u53ca\u611f\u53d7\u7f8e\u9e97\u7684\u81fa\u7063\u6771\u5317\u89d2\u98a8\u5149\u3002\u6703\u5f8c\u6587\u5316\u4e4b\u65c5\u4ee5\u81fa\u7063\u897f\u5357\u90e8\u7684\u9676\u74f7\u767c\u5c55\u3001\u53e4\u8e5f\u89c0\u5149\u70ba\u6838\u5fc3\uff0c\u884c\u7a0b\u9810\u8a08\u52a0\u5165\u5728\u5730\u7684\u7aaf\u5834\u3001\u6587\u5316\u89c0\u5149\u666f\u9ede\u3001\u9676\u85dd\u5de5\u4f5c\u5ba4\u7b49\u53c3\u89c0\u884c\u7a0b\uff0c\u5305\u542b\u6545\u5bae\u5357\u9662\u3001\u65e5\u6708\u6f6d\u7b49\u53c3\u8a2a\u666f\u9ede\u3002<\/p>\r\n<p>&nbsp;<\/p>\r\n<p>&nbsp;<\/p>\r\n<\/td>\r\n<td>\r\n<p>IAC\u6703\u54e1\u5927\u6703\u4e3b\u984c\u70ba\u300c\u8de8\u754c\u30fb\u6771\u65b9\u300d\uff0c\u65e8\u5728\u91dd\u5c0d\u300c\u662f\u4ec0\u9ebc\u69cb\u6210\u300e\u4f60\u6240\u77e5\u9053\u7684\u6771\u65b9\u300f\u300d\u9032\u884c\u6279\u5224\u6027\u53cd\u601d\u3002\u5927\u6703\u4e3b\u984c\u7684\u63a2\u7d22\u4e3b\u8981\u547c\u61c9\u81fa\u7063\u6240\u5177\u5099\u7684\u591a\u5143\u6587\u5316\u8207\u6587\u5316\u878d\u5408\u7684\u7279\u8272\u3002\u56e0\u5728\u5730\u7279\u6b8a\u7684\u6b77\u53f2\u80cc\u666f\u800c\u6df1\u53d7\u4e0d\u540c\u6587\u5316\u7684\u5f71\u97ff\uff0c\u5728\u5404\u7a2e\u6587\u5316\u7684\u885d\u64ca\u8207\u878d\u5408\u4e4b\u4e0b\uff0c\u81fa\u7063\u9010\u6f38\u767c\u5c55\u51fa\u81ea\u5df1\u7368\u7279\u7684\u6587\u5316\u3002\u672c\u6b21\u5927\u6703\u5c07\u63a2\u8a0e\u76ee\u524d\u4e9e\u6d32\u5728\u5168\u7403\u6587\u5316\u5f71\u97ff\u4e4b\u4e0b\u6240\u767c\u5c55\u51fa\u7684\u65b0\u6982\u5ff5\u8207\u50f9\u503c\u3002<\/p>\r\n<p>\u9019\u6b21\u65bc\u65b0\u5317\u5e02\u8fa6\u7406\u7b2c48\u5c46IAC\u570b\u969b\u6703\u54e1\u5927\u6703\u4e3b\u8981\u7531\u65b0\u5317\u5e02\u7acb\u9daf\u6b4c\u9676\u74f7\u535a\u7269\u9928\u627f\u8fa6\uff0c\u672c\u5927\u6703\u7372\u5f97\u6587\u5316\u90e8\u3001\u65b0\u5317\u5e02\u653f\u5e9c\u3001\u65b0\u5317\u5e02\u653f\u5e9c\u6587\u5316\u5c40\u3001\u4e2d\u83ef\u6c11\u570b\u535a\u7269\u9928\u5b78\u6703\u5404\u9805\u8cc7\u6e90\u5354\u52a9\uff0c\u4e26\u8207\u5168\u81fa\u5404\u5730\u7684\u5c08\u696d\u9676\u85dd\u5b78\u6821\u3001\u535a\u7269\u9928\u3001\u5728\u5730\u85dd\u5eca\u3001\u9676\u85dd\u5bb6\u5de5\u4f5c\u5ba4\u901a\u529b\u5408\u4f5c\uff0c\u900f\u904e\u5c08\u696d\u5206\u5de5\u7684\u5718\u968a\uff0c\u529b\u6c42\u672c\u6b21\u5e74\u6703\u6210\u529f\u5713\u6eff\u3002<\/p>\r\n<\/td>\r\n<\/tr>\r\n<\/tbody>\r\n<\/table>\r\n<p>&nbsp;<\/p>"},"excerpt":{"rendered":"<p>\u7b2c48\u5c46 IAC\u570b\u969b\u6703\u54e1\u5927\u6703\u5c07\u5728\u81fa\u7063\u65b0\u5317\u5e02\u8209\u884c\uff0c\u5e74\u6703\u9810\u671f\u5c07\u57282018\u5e749\u670830\u65e5\u81f310\u67084\u65e5\u8fa6\u7406<\/p>\n","protected":false,"raw":"\u7b2c48\u5c46 IAC\u570b\u969b\u6703\u54e1\u5927\u6703\u5c07\u5728\u81fa\u7063\u65b0\u5317\u5e02\u8209\u884c\uff0c\u5e74\u6703\u9810\u671f\u5c07\u57282018\u5e749\u670830\u65e5\u81f310\u67084\u65e5\u8fa6\u7406"},"author":1,"featured_media":110,"parent":0,"menu_order":0,"comment_status":"closed","ping_status":"closed","template":"","meta":{"_en_post_content":"<table>\r\n<tbody>\r\n<tr>\r\n<td>\r\n[caption id=\"attachment_44\" align=\"alignnone\" width=\"940\"]<img class=\"wp-image-44 size-large\" src=\"https:\/\/new-taipei-city2018.aic-iac.org\/wp-content\/uploads\/sites\/3\/2018\/01\/CKY_5519-copie-940x588.jpg\" alt=\"\" width=\"940\" height=\"588\" \/> New Taipei City Yingge Ceramics Museum[\/caption]\r\n<\/td>\r\n<\/tr>\r\n<\/tbody>\r\n<\/table>\r\n<table>\r\n<tbody>\r\n<tr>\r\n<td>\r\n<p>The 48th Congress of the International Academy of Ceramics will be held in New Taipei City from September 30th to October 4th, 2018. This meeting will be anticipating 300 participants from all over the world to gather and exchange, and will be introduced to the local arts and cultural sceneries accompanied by the celebrating entertainments that are arranged throughout the Congress.<\/p>\r\n<p>The pre-Congress tour will be visiting the eastern region of Chinese Taipei as the main route, where all the geological wonders (Taroko National Park) and diverse indigenous cultures can be found within the island. \u00a0The post-Congress tour will be featuring ceramic places and traditional heritage located in the south-west region.<\/p>\r\n<p>&nbsp;<\/p>\r\n<\/td>\r\n<td>\r\n<p>The theme of the Congress New Taipei City 2018 is called the \"New Orientalia: Functionality, Spirituality, Diversity\", which seeks to promote a critical reflection on what constitutes the oriental sensibility. The exploration of this theme reflects the diverse cultural development of Chinese Taipei. Although a majority of Chinese Taipei culture is rooted in its Chinese characters, it is also highly exposed to foreign cultures due to its complex history. The encounter and exchange of various cultures continue to create new values and cultures within the island. The Congress will be focusing on redefining and re-examining the new Eastern spirit.<\/p>\r\n<p>The 48th Congress of the Academy in New Taipei City is organized by the Yingge Ceramics Museum (YCM) and the International Academy of Ceramics (IAC). Co-organizers include the Ministry of Culture, the New Taipei City Government, New Taipei City Culture and Affairs Department, Chinese Association of Museums, with additional support from other institution, associations, art galleries and artists. All of these supports are significant contributions that will ensure the success of this global ceramic event.<\/p>\r\n<\/td>\r\n<\/tr>\r\n<\/tbody>\r\n<\/table>\r\n<p>&nbsp;<\/p>","_en_post_name":"about","_en_post_excerpt":"from September 30th to October 4th, 2018","_en_post_title":"About","_fr_post_content":"<table>\r\n<tbody>\r\n<tr>\r\n<td>\r\n[caption id=\"attachment_44\" align=\"alignnone\" width=\"940\"]<img class=\"wp-image-44 size-large\" src=\"https:\/\/new-taipei-city2018.aic-iac.org\/wp-content\/uploads\/sites\/3\/2018\/01\/CKY_5519-copie-940x588.jpg\" alt=\"\" width=\"940\" height=\"588\" \/> New Taipei City Yingge Ceramics Museum[\/caption]\r\n<\/td>\r\n<\/tr>\r\n<\/tbody>\r\n<\/table>\r\n<table>\r\n<tbody>\r\n<tr>\r\n<td>\r\n<p>Le 48\u00e8me Congr\u00e8s de l\u2019Acad\u00e9mie Internationale de la C\u00e9ramique se tiendra \u00e0 New Taipei City du 30 septembre au 4 octobre 2018. Environ 300 personnes sont attendues, venant du monde entier pour se rassembler et discuter, d\u00e9couvrir les arts et la sc\u00e8ne culturelle typiques de cette localit\u00e9 et profiter des attractions r\u00e9jouissantes qui rythmeront le Congr\u00e8s.<\/p>\r\n<p>Le pr\u00e9 tour conduira ses participant-e-s vers la c\u00f4te est de l\u2019\u00eele, o\u00f9 s\u2019\u00e9panouissent toutes les merveilles g\u00e9ologiques (Parc National de Taroko) et plusieurs cultures autochtones. Le post tour mettra en valeur les sites c\u00e9ramiques et le patrimoine traditionnel situ\u00e9 dans la region sud-ouest de l\u2019\u00eele.<\/p>\r\n<p>&nbsp;<\/p>\r\n<\/td>\r\n<td>\r\n<p>\u201cNouvel Orientalia : Fonctionnalit\u00e9, Spiritualit\u00e9, Diversit\u00e9\u201d est le th\u00e8me du Congr\u00e8s New Taipei City 2018. Le choix de ce th\u00e8me a pour origine le souhait de promouvoir une r\u00e9flexion critique sur ce qui constitue la sensibilit\u00e9 orientale. L\u2019exploration de ce th\u00e8me refl\u00e8te le d\u00e9veloppement culturel vari\u00e9 de l\u2019\u00eele. Bien que la majeure partie de sa culture provienne de Chine, elle a \u00e9t\u00e9 largement expos\u00e9e \u00e0 d\u2019autres influences du fait d\u2019une histoire complexe. La rencontre et les \u00e9changes de nombreuses cultures continue de cr\u00e9er de nouvelles valeurs et expressions au sein de l\u2019\u00eele. Le Congr\u00e8s s\u2019attachera \u00e0 revoir et red\u00e9finir ce nouvel esprit asiatique.<\/p>\r\n<p>Le 48\u00e8me Congr\u00e8s de l\u2019Acad\u00e9mie \u00e0 New Taipei City est organis\u00e9 par le Mus\u00e9e de la C\u00e9ramique de Yingge (Yingge Ceramics Museum, YCM) et l\u2019Acad\u00e9mie Internationale de la C\u00e9ramique (AIC). Parmi les institutions co-organisant l\u2019\u00e9v\u00e8nement se trouvent le Minist\u00e8re de la Culture, la municipalit\u00e9 de New Taipei City, le D\u00e9partement des Affaires Culturelles de New Taipei City, l\u2019Association Chinoise des Mus\u00e9es. L\u2019organisation b\u00e9n\u00e9ficie \u00e9galement du soutien de plusieurs autres institutions, associations, galeries d\u2019art et artistes. L\u2019ensemble de ces soutiens constituent des contributions essentielles qui garantiront le succ\u00e8s de cet \u00e9v\u00e8nement c\u00e9ramique mondial.<\/p>\r\n<\/td>\r\n<\/tr>\r\n<\/tbody>\r\n<\/table>\r\n<p>&nbsp;<\/p>","_fr_post_name":"about","_fr_post_excerpt":"New Taipei City du 30 septembre au 4 octobre 2018","_fr_post_title":"\u00c0 propos","_zh_post_content":"<table>\r\n<tbody>\r\n<tr>\r\n<td>\r\n[caption id=\"attachment_44\" align=\"alignnone\" width=\"940\"]<img class=\"wp-image-44 size-large\" src=\"https:\/\/new-taipei-city2018.aic-iac.org\/wp-content\/uploads\/sites\/3\/2018\/01\/CKY_5519-copie-940x588.jpg\" alt=\"\" width=\"940\" height=\"588\" \/> New Taipei City Yingge Ceramics Museum[\/caption]\r\n<\/td>\r\n<\/tr>\r\n<\/tbody>\r\n<\/table>\r\n<table>\r\n<tbody>\r\n<tr>\r\n<td>\r\n<p>\u7b2c48\u5c46 IAC\u570b\u969b\u6703\u54e1\u5927\u6703\u5c07\u5728\u65b0\u5317\u5e02\u8209\u884c\uff0c\u5e74\u6703\u9810\u671f\u5c07\u57282018\u5e749\u670830\u65e5\u81f310\u67084\u65e5\u8fa6\u7406\uff0c\u9810\u8a08\u5c07\u6709300\u4eba\u53c3\u8207\u3002\u914d\u5408\u6703\u54e1\u4e3b\u984c\u5c55\u3001\u6703\u54e1\u5c0f\u54c1\u5c55\u3001\u6703\u524d\u6587\u5316\u4e4b\u65c5(9\u670826\u65e5\u81f39\u670828\u65e5)\u3001\u6703\u5f8c\u6587\u5316\u4e4b\u65c5(10\u67085\u65e5\u81f310\u67089\u65e5)\uff0c\u4ee5\u53ca\u5168\u81fa\u5404\u5730\u5171\u8944\u76db\u8209\u7684\u885b\u661f\u5c55\u5c55\u89bd\uff0c2018\u5e74\u5e74\u6703\u7cbe\u5f69\u53ef\u671f\u3002<\/p>\r\n<p>\u6703\u524d\u6587\u5316\u4e4b\u65c5\u4ee5\u81fa\u7063\u6771\u90e8\u5730\u5340\u539f\u4f4f\u6c11\u6587\u5316\u8207\u81ea\u7136\u751f\u614b\u7f8e\u666f\u70ba\u898f\u5283\u4e3b\u8ef8\uff0c\u5c07\u6709\u6a5f\u6703\u63a2\u8a2a\u592a\u9b6f\u95a3\u570b\u5bb6\u516c\u5712\u3001\u570b\u7acb\u50b3\u7d71\u6587\u5316\u4e2d\u5fc3\u50b3\u85dd\u6587\u5316\u5712\u5340\uff0c\u4ee5\u53ca\u611f\u53d7\u7f8e\u9e97\u7684\u81fa\u7063\u6771\u5317\u89d2\u98a8\u5149\u3002\u6703\u5f8c\u6587\u5316\u4e4b\u65c5\u4ee5\u81fa\u7063\u897f\u5357\u90e8\u7684\u9676\u74f7\u767c\u5c55\u3001\u53e4\u8e5f\u89c0\u5149\u70ba\u6838\u5fc3\uff0c\u884c\u7a0b\u9810\u8a08\u52a0\u5165\u5728\u5730\u7684\u7aaf\u5834\u3001\u6587\u5316\u89c0\u5149\u666f\u9ede\u3001\u9676\u85dd\u5de5\u4f5c\u5ba4\u7b49\u53c3\u89c0\u884c\u7a0b\uff0c\u5305\u542b\u6545\u5bae\u5357\u9662\u3001\u65e5\u6708\u6f6d\u7b49\u53c3\u8a2a\u666f\u9ede\u3002<\/p>\r\n<p>&nbsp;<\/p>\r\n<p>&nbsp;<\/p>\r\n<\/td>\r\n<td>\r\n<p>IAC\u6703\u54e1\u5927\u6703\u4e3b\u984c\u70ba\u300c\u8de8\u754c\u30fb\u6771\u65b9\u300d\uff0c\u65e8\u5728\u91dd\u5c0d\u300c\u662f\u4ec0\u9ebc\u69cb\u6210\u300e\u4f60\u6240\u77e5\u9053\u7684\u6771\u65b9\u300f\u300d\u9032\u884c\u6279\u5224\u6027\u53cd\u601d\u3002\u5927\u6703\u4e3b\u984c\u7684\u63a2\u7d22\u4e3b\u8981\u547c\u61c9\u81fa\u7063\u6240\u5177\u5099\u7684\u591a\u5143\u6587\u5316\u8207\u6587\u5316\u878d\u5408\u7684\u7279\u8272\u3002\u56e0\u5728\u5730\u7279\u6b8a\u7684\u6b77\u53f2\u80cc\u666f\u800c\u6df1\u53d7\u4e0d\u540c\u6587\u5316\u7684\u5f71\u97ff\uff0c\u5728\u5404\u7a2e\u6587\u5316\u7684\u885d\u64ca\u8207\u878d\u5408\u4e4b\u4e0b\uff0c\u81fa\u7063\u9010\u6f38\u767c\u5c55\u51fa\u81ea\u5df1\u7368\u7279\u7684\u6587\u5316\u3002\u672c\u6b21\u5927\u6703\u5c07\u63a2\u8a0e\u76ee\u524d\u4e9e\u6d32\u5728\u5168\u7403\u6587\u5316\u5f71\u97ff\u4e4b\u4e0b\u6240\u767c\u5c55\u51fa\u7684\u65b0\u6982\u5ff5\u8207\u50f9\u503c\u3002<\/p>\r\n<p>\u9019\u6b21\u65bc\u65b0\u5317\u5e02\u8fa6\u7406\u7b2c48\u5c46IAC\u570b\u969b\u6703\u54e1\u5927\u6703\u4e3b\u8981\u7531\u65b0\u5317\u5e02\u7acb\u9daf\u6b4c\u9676\u74f7\u535a\u7269\u9928\u627f\u8fa6\uff0c\u672c\u5927\u6703\u7372\u5f97\u6587\u5316\u90e8\u3001\u65b0\u5317\u5e02\u653f\u5e9c\u3001\u65b0\u5317\u5e02\u653f\u5e9c\u6587\u5316\u5c40\u3001\u4e2d\u83ef\u6c11\u570b\u535a\u7269\u9928\u5b78\u6703\u5404\u9805\u8cc7\u6e90\u5354\u52a9\uff0c\u4e26\u8207\u5168\u81fa\u5404\u5730\u7684\u5c08\u696d\u9676\u85dd\u5b78\u6821\u3001\u535a\u7269\u9928\u3001\u5728\u5730\u85dd\u5eca\u3001\u9676\u85dd\u5bb6\u5de5\u4f5c\u5ba4\u901a\u529b\u5408\u4f5c\uff0c\u900f\u904e\u5c08\u696d\u5206\u5de5\u7684\u5718\u968a\uff0c\u529b\u6c42\u672c\u6b21\u5e74\u6703\u6210\u529f\u5713\u6eff\u3002<\/p>\r\n<\/td>\r\n<\/tr>\r\n<\/tbody>\r\n<\/table>\r\n<p>&nbsp;<\/p>","_zh_post_name":"about","_zh_post_excerpt":"\u7b2c48\u5c46 IAC\u570b\u969b\u6703\u54e1\u5927\u6703\u5c07\u5728\u81fa\u7063\u65b0\u5317\u5e02\u8209\u884c\uff0c\u5e74\u6703\u9810\u671f\u5c07\u57282018\u5e749\u670830\u65e5\u81f310\u67084\u65e5\u8fa6\u7406","_zh_post_title":"\u95dc\u65bc","edit_language":"zh","footnotes":""},"class_list":["post-2","page","type-page","status-publish","has-post-thumbnail","hentry"],"_links":{"self":[{"href":"https:\/\/new-taipei-city2018.aic-iac.org\/zh\/wp-json\/wp\/v2\/pages\/2","targetHints":{"allow":["GET"]}}],"collection":[{"href":"https:\/\/new-taipei-city2018.aic-iac.org\/zh\/wp-json\/wp\/v2\/pages"}],"about":[{"href":"https:\/\/new-taipei-city2018.aic-iac.org\/zh\/wp-json\/wp\/v2\/types\/page"}],"author":[{"embeddable":true,"href":"https:\/\/new-taipei-city2018.aic-iac.org\/zh\/wp-json\/wp\/v2\/users\/1"}],"replies":[{"embeddable":true,"href":"https:\/\/new-taipei-city2018.aic-iac.org\/zh\/wp-json\/wp\/v2\/comments?post=2"}],"version-history":[{"count":10,"href":"https:\/\/new-taipei-city2018.aic-iac.org\/zh\/wp-json\/wp\/v2\/pages\/2\/revisions"}],"predecessor-version":[{"id":46,"href":"https:\/\/new-taipei-city2018.aic-iac.org\/zh\/wp-json\/wp\/v2\/pages\/2\/revisions\/46"}],"wp:featuredmedia":[{"embeddable":true,"href":"https:\/\/new-taipei-city2018.aic-iac.org\/zh\/wp-json\/wp\/v2\/media\/110"}],"wp:attachment":[{"href":"https:\/\/new-taipei-city2018.aic-iac.org\/zh\/wp-json\/wp\/v2\/media?parent=2"}],"curies":[{"name":"wp","href":"https:\/\/api.w.org\/{rel}","templated":true}]}}