{"id":93,"date":"2018-01-23T18:46:44","date_gmt":"2018-01-23T17:46:44","guid":{"rendered":"http:\/\/new-taipei-city2018.aic-iac.org\/?page_id=93"},"modified":"2019-09-11T12:43:47","modified_gmt":"2019-09-11T10:43:47","slug":"siege-du-congres","status":"publish","type":"page","link":"https:\/\/new-taipei-city2018.aic-iac.org\/zh\/about\/siege-du-congres\/","title":{"rendered":"\u6703\u8b70\u7e3d\u90e8","raw":"\u6703\u8b70\u7e3d\u90e8"},"content":{"rendered":"<table>\n<tbody>\n<tr>\n<td>\n<p><img loading=\"lazy\" decoding=\"async\" class=\"alignnone wp-image-104 size-large\" src=\"https:\/\/new-taipei-city2018.aic-iac.org\/wp-content\/uploads\/sites\/3\/2018\/01\/Headquarters-of-the-congress-940x705.jpg\" alt=\"\" width=\"940\" height=\"705\" srcset=\"https:\/\/new-taipei-city2018.aic-iac.org\/wp-content\/uploads\/sites\/3\/2018\/01\/Headquarters-of-the-congress-940x705.jpg 940w, https:\/\/new-taipei-city2018.aic-iac.org\/wp-content\/uploads\/sites\/3\/2018\/01\/Headquarters-of-the-congress-300x225.jpg 300w, https:\/\/new-taipei-city2018.aic-iac.org\/wp-content\/uploads\/sites\/3\/2018\/01\/Headquarters-of-the-congress-768x576.jpg 768w\" sizes=\"auto, (max-width: 940px) 100vw, 940px\" \/><\/p>\n<p>\u65b0\u5317\u5e02\u677f\u6a4b\u5340\u4e2d\u5c71\u8def\u4e00\u6bb5161\u865f\u00a0<a href=\"https:\/\/www.google.com\/maps\/place\/\u65b0\u5317\u5e02\u653f\u5e9c\/@25.0124794,121.4635033,17z\/data=!3m1!4b1!4m5!3m4!1s0x3442a81f2a031a63:0x5be1aa7bb71f0f5d!8m2!3d25.0124794!4d121.465692?hl=zh-TW\">(\u5730\u5716)<\/a><br \/>\u6703\u8b70\u5831\u5230\u8655\uff1a6\u6a13603\u5ba4<\/p>\n<\/td>\n<\/tr>\n<\/tbody>\n<\/table>\n<table>\n<tbody>\n<tr>\n<td>\n<p>\u7b2c48\u5c46IAC\u570b\u969b\u5927\u6703\u53ca\u6703\u54e1\u5927\u6703\u5c07\u6703\u57282018\u5e749\u670830\u65e5\u81f310\u67084\u65e5\u5728\u65b0\u5317\u5e02\u653f\u5e9c\u884c\u653f\u5927\u6a13\u8209\u884c\u3002\u65b0\u5317\u5e02\u653f\u5e9c\u884c\u653f\u5927\u6a13\u70ba\u65b0\u5317\u5e02\u7684\u65bd\u653f\u4e2d\u5fc3\uff0c\u6a13\u9ad8140.5\u7c73\uff0c\u5171\u5730\u4e0a33\u5c64\uff0c\u5730\u4e0b4\u5c64\uff0c\u5927\u6a13\u768432\u5c64\u8a2d\u6709\u5411\u516c\u773e\u958b\u653e\u7684\u77ad\u671b\u5c64\uff0c33\u5c64\u6709\u666f\u89c0\u9910\u5ef3\u3002\u81e8\u8fd1\u677f\u6a4b\u706b\u8eca\u7ad9\u3001\u677f\u6a4b\u6377\u904b\u7ad9\uff0c\u4ea4\u901a\u4fbf\u5229\uff0c\u70ba\u65b0\u5317\u5e02\u91cd\u8981\u4ea4\u901a\u6a1e\u7d10\u3002\u9644\u8fd1\u4ea6\u6709\u5927\u578b\u767e\u8ca8\u8cfc\u7269\u4e2d\u5fc3\u5305\u62ecMega City\u677f\u6a4b\u5927\u9060\u767e\u53ca\u5a01\u79c0\u5f71\u57ce\u3001\u9060\u6771\u767e\u8ca8\u65b0\u6982\u5ff5\u5e97\u677f\u6a4b\u5e97\u3001\u74b0\u7403\u8cfc\u7269\u4e2d\u5fc3\u677f\u6a4b\u5e97\u3001\u8aa0\u54c1\u751f\u6d3b\u65b0\u677f\u5e97\u3001\u9e97\u5bf6\u767e\u8ca8\u5ee3\u5834\u53ca\u79c0\u6cf0\u5f71\u57ce\uff0c\u666f\u9ede\u5247\u5305\u542b\u677f\u6a4b\u6797\u672c\u6e90\u5712\u90b8\u3001\u6148\u60e0\u5bae\u3001\u5357\u96c5\u591c\u5e02\u3002<\/p>\n<p>\u4f4d\u65bc\u65b0\u5317\u5e02\u653f\u5e9c6\u6a13\u7684\u5927\u79ae\u5802\u70ba\u672c\u6b21\u5e74\u6703\u4e3b\u8981\u4e4b\u6703\u8b70\u5834\u5730\u3002\u5927\u79ae\u5802\u53ef\u5bb9\u7d0d750\u4eba\uff0c\u5099\u6709\u6295\u5f71\u6a5f\u8a2d\u5099\u53ca\u97f3\u97ff\u8a2d\u5099\u3002\u53e6\u5e74\u6703\u671f\u9593\u6703\u5834\u5916\u5c07\u5099\u6709\u5496\u5561\u3001\u8336\u9ede\u53ca\u98f2\u7528\u6c34\uff0c\u6b61\u8fce\u8207\u6703\u8005\u53d6\u7528\u3002<\/p>\n<p>&nbsp;<\/p>\n<p>&nbsp;<\/p>\n<\/td>\n<td>\n<p>IAC\u6703\u54e1\u4e3b\u984c\u5c55\u53ca\u6703\u54e1\u5c0f\u54c1\u5c55\u5c07\u5728\u65b0\u5317\u5e02\u7acb\u9daf\u6b4c\u9676\u74f7\u535a\u7269\u9928\u8209\u884c\u3002\u65b0\u5317\u5e02\u7acb\u9daf\u6b4c\u9676\u74f7\u535a\u7269\u9928\u65bc 2000 \u5e74 11 \u6708 26 \u65e5\u6b63\u5f0f\u958b\u9928\u555f\u7528\uff0c\u662f\u81fa\u7063\u7b2c\u4e00\u5ea7\u4ee5\u9676\u74f7\u70ba\u4e3b\u984c\u7684\u5c08\u696d\u535a\u7269\u9928\u3002\u9676\u535a\u9928\u7684\u5efa\u7bc9\u5f62\u5f0f\u662f\u4ee5\u6e05\u6c34\u6a21\u548c\u92fc\u9aa8\u5448\u73fe\u7684\u7070\u8272\u7cfb\u5916\u89c0\uff0c\u7a7a\u9593\u6311\u9ad8\u8207\u984f\u8272\u7d20\u6de8\u7684\u8a2d\u8a08\uff0c\u4ee5\u53ca\u5927\u9762\u7a4d\u7684\u73bb\u7483\u5e37\u5e55\uff0c\u8b93\u5916\u982d\u7051\u843d\u9032\u4f86\u7684\u81ea\u7136\u5149\uff0c\u5728\u6e05\u6c34\u6df7\u51dd\u571f\u3001\u6d17\u77f3\u5b50\u7684\u7246\u9762\u3001\u7070\u8272\u7684\u77f3\u6750\u3001\u68d5\u8910\u8272\u7684\u6728\u982d\u6240\u7d44\u5408\u800c\u6210\u7684\u9023\u7e8c\u3001\u5c64\u6b21\u8c50\u5bcc\u7684\u7a7a\u9593\u4e2d\u5c55\u73fe\u5149\u7dda\u900f\u5c04\u7684\u5404\u7a2e\u6548\u679c\uff0c\u8b93\u5ba4\u5167\u7684\u9676\u85dd\u5c55\u54c1\u96a8\u8457\u967d\u5149\u7684\u8b8a\u5316\uff0c\u5448\u73fe\u51fa\u8c50\u5bcc\u7684\u8cea\u611f\u8207\u9762\u8c8c\u3002<\/p>\n<\/td>\n<\/tr>\n<\/tbody>\n<\/table>\n<p>&nbsp;<\/p>\n","protected":false,"raw":"<table>\r\n<tbody>\r\n<tr>\r\n<td>\r\n<p><img class=\"alignnone wp-image-104 size-large\" src=\"https:\/\/new-taipei-city2018.aic-iac.org\/wp-content\/uploads\/sites\/3\/2018\/01\/Headquarters-of-the-congress-940x705.jpg\" alt=\"\" width=\"940\" height=\"705\" \/><\/p>\r\n<p>\u65b0\u5317\u5e02\u677f\u6a4b\u5340\u4e2d\u5c71\u8def\u4e00\u6bb5161\u865f\u00a0<a href=\"https:\/\/www.google.com\/maps\/place\/\u65b0\u5317\u5e02\u653f\u5e9c\/@25.0124794,121.4635033,17z\/data=!3m1!4b1!4m5!3m4!1s0x3442a81f2a031a63:0x5be1aa7bb71f0f5d!8m2!3d25.0124794!4d121.465692?hl=zh-TW\">(\u5730\u5716)<\/a><br \/>\u6703\u8b70\u5831\u5230\u8655\uff1a6\u6a13603\u5ba4<\/p>\r\n<\/td>\r\n<\/tr>\r\n<\/tbody>\r\n<\/table>\r\n<table>\r\n<tbody>\r\n<tr>\r\n<td>\r\n<p>\u7b2c48\u5c46IAC\u570b\u969b\u5927\u6703\u53ca\u6703\u54e1\u5927\u6703\u5c07\u6703\u57282018\u5e749\u670830\u65e5\u81f310\u67084\u65e5\u5728\u65b0\u5317\u5e02\u653f\u5e9c\u884c\u653f\u5927\u6a13\u8209\u884c\u3002\u65b0\u5317\u5e02\u653f\u5e9c\u884c\u653f\u5927\u6a13\u70ba\u65b0\u5317\u5e02\u7684\u65bd\u653f\u4e2d\u5fc3\uff0c\u6a13\u9ad8140.5\u7c73\uff0c\u5171\u5730\u4e0a33\u5c64\uff0c\u5730\u4e0b4\u5c64\uff0c\u5927\u6a13\u768432\u5c64\u8a2d\u6709\u5411\u516c\u773e\u958b\u653e\u7684\u77ad\u671b\u5c64\uff0c33\u5c64\u6709\u666f\u89c0\u9910\u5ef3\u3002\u81e8\u8fd1\u677f\u6a4b\u706b\u8eca\u7ad9\u3001\u677f\u6a4b\u6377\u904b\u7ad9\uff0c\u4ea4\u901a\u4fbf\u5229\uff0c\u70ba\u65b0\u5317\u5e02\u91cd\u8981\u4ea4\u901a\u6a1e\u7d10\u3002\u9644\u8fd1\u4ea6\u6709\u5927\u578b\u767e\u8ca8\u8cfc\u7269\u4e2d\u5fc3\u5305\u62ecMega City\u677f\u6a4b\u5927\u9060\u767e\u53ca\u5a01\u79c0\u5f71\u57ce\u3001\u9060\u6771\u767e\u8ca8\u65b0\u6982\u5ff5\u5e97\u677f\u6a4b\u5e97\u3001\u74b0\u7403\u8cfc\u7269\u4e2d\u5fc3\u677f\u6a4b\u5e97\u3001\u8aa0\u54c1\u751f\u6d3b\u65b0\u677f\u5e97\u3001\u9e97\u5bf6\u767e\u8ca8\u5ee3\u5834\u53ca\u79c0\u6cf0\u5f71\u57ce\uff0c\u666f\u9ede\u5247\u5305\u542b\u677f\u6a4b\u6797\u672c\u6e90\u5712\u90b8\u3001\u6148\u60e0\u5bae\u3001\u5357\u96c5\u591c\u5e02\u3002<\/p>\r\n<p>\u4f4d\u65bc\u65b0\u5317\u5e02\u653f\u5e9c6\u6a13\u7684\u5927\u79ae\u5802\u70ba\u672c\u6b21\u5e74\u6703\u4e3b\u8981\u4e4b\u6703\u8b70\u5834\u5730\u3002\u5927\u79ae\u5802\u53ef\u5bb9\u7d0d750\u4eba\uff0c\u5099\u6709\u6295\u5f71\u6a5f\u8a2d\u5099\u53ca\u97f3\u97ff\u8a2d\u5099\u3002\u53e6\u5e74\u6703\u671f\u9593\u6703\u5834\u5916\u5c07\u5099\u6709\u5496\u5561\u3001\u8336\u9ede\u53ca\u98f2\u7528\u6c34\uff0c\u6b61\u8fce\u8207\u6703\u8005\u53d6\u7528\u3002<\/p>\r\n<p>&nbsp;<\/p>\r\n<p>&nbsp;<\/p>\r\n<\/td>\r\n<td>\r\n<p>IAC\u6703\u54e1\u4e3b\u984c\u5c55\u53ca\u6703\u54e1\u5c0f\u54c1\u5c55\u5c07\u5728\u65b0\u5317\u5e02\u7acb\u9daf\u6b4c\u9676\u74f7\u535a\u7269\u9928\u8209\u884c\u3002\u65b0\u5317\u5e02\u7acb\u9daf\u6b4c\u9676\u74f7\u535a\u7269\u9928\u65bc 2000 \u5e74 11 \u6708 26 \u65e5\u6b63\u5f0f\u958b\u9928\u555f\u7528\uff0c\u662f\u81fa\u7063\u7b2c\u4e00\u5ea7\u4ee5\u9676\u74f7\u70ba\u4e3b\u984c\u7684\u5c08\u696d\u535a\u7269\u9928\u3002\u9676\u535a\u9928\u7684\u5efa\u7bc9\u5f62\u5f0f\u662f\u4ee5\u6e05\u6c34\u6a21\u548c\u92fc\u9aa8\u5448\u73fe\u7684\u7070\u8272\u7cfb\u5916\u89c0\uff0c\u7a7a\u9593\u6311\u9ad8\u8207\u984f\u8272\u7d20\u6de8\u7684\u8a2d\u8a08\uff0c\u4ee5\u53ca\u5927\u9762\u7a4d\u7684\u73bb\u7483\u5e37\u5e55\uff0c\u8b93\u5916\u982d\u7051\u843d\u9032\u4f86\u7684\u81ea\u7136\u5149\uff0c\u5728\u6e05\u6c34\u6df7\u51dd\u571f\u3001\u6d17\u77f3\u5b50\u7684\u7246\u9762\u3001\u7070\u8272\u7684\u77f3\u6750\u3001\u68d5\u8910\u8272\u7684\u6728\u982d\u6240\u7d44\u5408\u800c\u6210\u7684\u9023\u7e8c\u3001\u5c64\u6b21\u8c50\u5bcc\u7684\u7a7a\u9593\u4e2d\u5c55\u73fe\u5149\u7dda\u900f\u5c04\u7684\u5404\u7a2e\u6548\u679c\uff0c\u8b93\u5ba4\u5167\u7684\u9676\u85dd\u5c55\u54c1\u96a8\u8457\u967d\u5149\u7684\u8b8a\u5316\uff0c\u5448\u73fe\u51fa\u8c50\u5bcc\u7684\u8cea\u611f\u8207\u9762\u8c8c\u3002<\/p>\r\n<\/td>\r\n<\/tr>\r\n<\/tbody>\r\n<\/table>\r\n<p>&nbsp;<\/p>"},"excerpt":{"rendered":"<p>IAC\u6703\u54e1\u4e3b\u984c\u5c55\u53ca\u6703\u54e1\u5c0f\u54c1\u5c55\u5c07\u5728\u65b0\u5317\u5e02\u7acb\u9daf\u6b4c\u9676\u74f7\u535a\u7269\u9928\u8209\u884c\u3002<\/p>\n","protected":false,"raw":"IAC\u6703\u54e1\u4e3b\u984c\u5c55\u53ca\u6703\u54e1\u5c0f\u54c1\u5c55\u5c07\u5728\u65b0\u5317\u5e02\u7acb\u9daf\u6b4c\u9676\u74f7\u535a\u7269\u9928\u8209\u884c\u3002"},"author":4,"featured_media":104,"parent":2,"menu_order":0,"comment_status":"closed","ping_status":"closed","template":"","meta":{"_en_post_content":"<table>\r\n<tbody>\r\n<tr>\r\n<td>\r\n[caption id=\"attachment_104\" align=\"alignnone\" width=\"940\"]<img class=\"wp-image-104 size-large\" src=\"https:\/\/new-taipei-city2018.aic-iac.org\/wp-content\/uploads\/sites\/3\/2018\/01\/Headquarters-of-the-congress-940x705.jpg\" alt=\"\" width=\"940\" height=\"705\" \/> Headquarters of the Congress[\/caption]\r\n<p>NO.161 , Sec, 1 , Zhongshan Rd, Banqiao District , New Taipei City 22001, (<a href=\"https:\/\/www.google.com\/maps\/place\/\u65b0\u5317\u5e02\u653f\u5e9c\/@25.0124794,121.4635033,17z\/data=!3m1!4b1!4m5!3m4!1s0x3442a81f2a031a63:0x5be1aa7bb71f0f5d!8m2!3d25.0124794!4d121.465692?hl=zh-TW\">Map<\/a>)<br \/>Registraion Counter: 6F, Room 603<\/p>\r\n<\/td>\r\n<\/tr>\r\n<\/tbody>\r\n<\/table>\r\n<table>\r\n<tbody>\r\n<tr>\r\n<td>\r\n<p>The New Taipei City Hall is the venue of the government of New Taipei City, Chinese Taipei. The hall was constructed in 2002 in the Banqiao District. The building is a 30-floor structure with a height of 140.5 meter. The 32nd floor of the City Hall has an observatory that is opened to the public and the 33rd floor has a city view restaurant. There are large-scale shopping centres nearby, such as Mega City, Far Eastern Department Store and Hi Mall. Local visiting attractions include Lin Family Mansion and Garden, Cihui Mazu temple, and Nanya night market. The City hall district is accessible within walking distance South East from Banqiao Station of the Taipei Metro, National High Speed Rail and National Railway Administration.<\/p>\r\n<p>&nbsp;<\/p>\r\n<p>&nbsp;<\/p>\r\n<p>&nbsp;<\/p>\r\n<\/td>\r\n<td>\r\n<p>The City Hall will be providing an auditorium to host the main working sessions and exhibitions of the 48th Congress of the Academy.<\/p>\r\n<p>The IAC members\u2019 thematic exhibition and free expression exhibition will be held in New Taipei City Yingge Ceramics Museum, which is located in Yingge, the small pottery town 15 kilometers away from the New Taipei City Hall. The Yingge Ceramics Museum was opened in 2000. Since then, the museum has dedicated itself to preserving the town\u2019s cultural legacy while instilling new energy into the area. The museum is made up with modern construction materials and transparent glass, presenting a limitless sense of space and the beauty of simplicity.<\/p>\r\n<\/td>\r\n<\/tr>\r\n<\/tbody>\r\n<\/table>\r\n<p>&nbsp;<\/p>","_en_post_name":"siege-du-congres","_en_post_excerpt":"The IAC members\u2019 thematic exhibition and free expression exhibition will be held in New Taipei City Yingge Ceramics Museum.","_en_post_title":"Headquarter of the Congress","_fr_post_content":"<table>\r\n<tbody>\r\n<tr>\r\n<td>\r\n[caption id=\"attachment_104\" align=\"alignnone\" width=\"940\"]<img class=\"wp-image-104 size-large\" src=\"https:\/\/new-taipei-city2018.aic-iac.org\/wp-content\/uploads\/sites\/3\/2018\/01\/Headquarters-of-the-congress-940x705.jpg\" alt=\"\" width=\"940\" height=\"705\" \/> Headquaters of the Congress[\/caption]\r\n<p>NO.161 , Sec, 1 , Zhongshan Rd, Banqiao District , New Taipei City 22001, \u00a0(<a href=\"https:\/\/www.google.com\/maps\/place\/\u65b0\u5317\u5e02\u653f\u5e9c\/@25.0124794,121.4635033,17z\/data=!3m1!4b1!4m5!3m4!1s0x3442a81f2a031a63:0x5be1aa7bb71f0f5d!8m2!3d25.0124794!4d121.465692?hl=zh-TW\">Map<\/a>)<br \/>Registraion Counter: 6F, Room 603\u00a0<\/p>\r\n<\/td>\r\n<\/tr>\r\n<\/tbody>\r\n<\/table>\r\n<table>\r\n<tbody>\r\n<tr>\r\n<td>\r\n<p>L\u2019\u00e9difice de la mairie de New Taipei City est le si\u00e8ge des autorit\u00e9s municipales de la ville de New Taipei City. Il a \u00e9t\u00e9 construit en 2002 dans le quartier de Banqiao. Le b\u00e2timent est constitu\u00e9 d\u2019une structure de 30 \u00e9tages d\u2019une hauteur de 140,5 m\u00e8tres. Un observatoire ouvert au public a \u00e9t\u00e9 am\u00e9nag\u00e9 au 32\u00e8me \u00e9tage et le 33\u00e8me \u00e9tage dispose d\u2019un restaurant avec vue panoramique sur la ville. De grands centres commerciaux sont pr\u00e9sents \u00e0 proximit\u00e9, tels que Mega City, Far Eastern Department Store et Hi Mall. Parmi les attractions locales: la propri\u00e9t\u00e9 de la Famille Lin, dont la villa et les jardins se visitent, le temple Cihui Mazu et le march\u00e9 nocturne Nanya. Le quartier de la mairie est accessible en marchant en direction Sud-Est depuis la gare Banqiao du m\u00e9tro de Taipei et du r\u00e9seau ferroviaire national.<\/p>\r\n<p>La mairie de New Taipei City mettra \u00e0 disposition un auditorium pour accueillir les grandes sessions de travail et les expositions du 48\u00e8me Congr\u00e8s de l\u2019Acad\u00e9mie Internationale de la C\u00e9ramique. L\u2019auditorium peut accueillir un grand nombre de\u00a0personnes et dispose d\u2019\u00e9quipements de son et de projection.<\/p>\r\n<p>&nbsp;<\/p>\r\n<\/td>\r\n<td>\r\n<p>L\u2019exposition th\u00e9matique et l\u2019exposition libre des membres seront organis\u00e9es par le Mus\u00e9e de la C\u00e9ramique de Yingge (New Taipei City Yingge Ceramics Museum), situ\u00e9 \u00e0 Yingge, une petite bourgade sp\u00e9cialis\u00e9e dans la c\u00e9ramique \u00e0 15 km de la mairie de New Taipei City. Le Mus\u00e9e a ouvert ses portes en 2000. Depuis cette date, le Mus\u00e9e a d\u00e9di\u00e9 son activit\u00e9 \u00e0 la pr\u00e9servation du patrimoine culturel de Yingge, tout en insufflant une \u00e9nergie nouvelle dans la r\u00e9gion. L\u2019architecture du Mus\u00e9e s\u2019appuie sur des mat\u00e9riaux de construction modernes et des baies de verre afin de donner un sentiment d\u2019espace infini et mettre en valeur la beaut\u00e9 de la simplicit\u00e9.\u00a0<\/p>\r\n<p>&nbsp;<\/p>\r\n<\/td>\r\n<\/tr>\r\n<\/tbody>\r\n<\/table>\r\n<p>&nbsp;<\/p>","_fr_post_name":"siege-du-congres","_fr_post_excerpt":"L\u2019\u00e9difice de la mairie de New Taipei City est le si\u00e8ge des autorit\u00e9s municipales de la ville de New Taipei City.","_fr_post_title":"Si\u00e8ge du Congr\u00e8s","_zh_post_content":"<table>\r\n<tbody>\r\n<tr>\r\n<td>\r\n<p><img class=\"alignnone wp-image-104 size-large\" src=\"https:\/\/new-taipei-city2018.aic-iac.org\/wp-content\/uploads\/sites\/3\/2018\/01\/Headquarters-of-the-congress-940x705.jpg\" alt=\"\" width=\"940\" height=\"705\" \/><\/p>\r\n<p>\u65b0\u5317\u5e02\u677f\u6a4b\u5340\u4e2d\u5c71\u8def\u4e00\u6bb5161\u865f\u00a0<a href=\"https:\/\/www.google.com\/maps\/place\/\u65b0\u5317\u5e02\u653f\u5e9c\/@25.0124794,121.4635033,17z\/data=!3m1!4b1!4m5!3m4!1s0x3442a81f2a031a63:0x5be1aa7bb71f0f5d!8m2!3d25.0124794!4d121.465692?hl=zh-TW\">(\u5730\u5716)<\/a><br \/>\u6703\u8b70\u5831\u5230\u8655\uff1a6\u6a13603\u5ba4<\/p>\r\n<\/td>\r\n<\/tr>\r\n<\/tbody>\r\n<\/table>\r\n<table>\r\n<tbody>\r\n<tr>\r\n<td>\r\n<p>\u7b2c48\u5c46IAC\u570b\u969b\u5927\u6703\u53ca\u6703\u54e1\u5927\u6703\u5c07\u6703\u57282018\u5e749\u670830\u65e5\u81f310\u67084\u65e5\u5728\u65b0\u5317\u5e02\u653f\u5e9c\u884c\u653f\u5927\u6a13\u8209\u884c\u3002\u65b0\u5317\u5e02\u653f\u5e9c\u884c\u653f\u5927\u6a13\u70ba\u65b0\u5317\u5e02\u7684\u65bd\u653f\u4e2d\u5fc3\uff0c\u6a13\u9ad8140.5\u7c73\uff0c\u5171\u5730\u4e0a33\u5c64\uff0c\u5730\u4e0b4\u5c64\uff0c\u5927\u6a13\u768432\u5c64\u8a2d\u6709\u5411\u516c\u773e\u958b\u653e\u7684\u77ad\u671b\u5c64\uff0c33\u5c64\u6709\u666f\u89c0\u9910\u5ef3\u3002\u81e8\u8fd1\u677f\u6a4b\u706b\u8eca\u7ad9\u3001\u677f\u6a4b\u6377\u904b\u7ad9\uff0c\u4ea4\u901a\u4fbf\u5229\uff0c\u70ba\u65b0\u5317\u5e02\u91cd\u8981\u4ea4\u901a\u6a1e\u7d10\u3002\u9644\u8fd1\u4ea6\u6709\u5927\u578b\u767e\u8ca8\u8cfc\u7269\u4e2d\u5fc3\u5305\u62ecMega City\u677f\u6a4b\u5927\u9060\u767e\u53ca\u5a01\u79c0\u5f71\u57ce\u3001\u9060\u6771\u767e\u8ca8\u65b0\u6982\u5ff5\u5e97\u677f\u6a4b\u5e97\u3001\u74b0\u7403\u8cfc\u7269\u4e2d\u5fc3\u677f\u6a4b\u5e97\u3001\u8aa0\u54c1\u751f\u6d3b\u65b0\u677f\u5e97\u3001\u9e97\u5bf6\u767e\u8ca8\u5ee3\u5834\u53ca\u79c0\u6cf0\u5f71\u57ce\uff0c\u666f\u9ede\u5247\u5305\u542b\u677f\u6a4b\u6797\u672c\u6e90\u5712\u90b8\u3001\u6148\u60e0\u5bae\u3001\u5357\u96c5\u591c\u5e02\u3002<\/p>\r\n<p>\u4f4d\u65bc\u65b0\u5317\u5e02\u653f\u5e9c6\u6a13\u7684\u5927\u79ae\u5802\u70ba\u672c\u6b21\u5e74\u6703\u4e3b\u8981\u4e4b\u6703\u8b70\u5834\u5730\u3002\u5927\u79ae\u5802\u53ef\u5bb9\u7d0d750\u4eba\uff0c\u5099\u6709\u6295\u5f71\u6a5f\u8a2d\u5099\u53ca\u97f3\u97ff\u8a2d\u5099\u3002\u53e6\u5e74\u6703\u671f\u9593\u6703\u5834\u5916\u5c07\u5099\u6709\u5496\u5561\u3001\u8336\u9ede\u53ca\u98f2\u7528\u6c34\uff0c\u6b61\u8fce\u8207\u6703\u8005\u53d6\u7528\u3002<\/p>\r\n<p>&nbsp;<\/p>\r\n<p>&nbsp;<\/p>\r\n<\/td>\r\n<td>\r\n<p>IAC\u6703\u54e1\u4e3b\u984c\u5c55\u53ca\u6703\u54e1\u5c0f\u54c1\u5c55\u5c07\u5728\u65b0\u5317\u5e02\u7acb\u9daf\u6b4c\u9676\u74f7\u535a\u7269\u9928\u8209\u884c\u3002\u65b0\u5317\u5e02\u7acb\u9daf\u6b4c\u9676\u74f7\u535a\u7269\u9928\u65bc 2000 \u5e74 11 \u6708 26 \u65e5\u6b63\u5f0f\u958b\u9928\u555f\u7528\uff0c\u662f\u81fa\u7063\u7b2c\u4e00\u5ea7\u4ee5\u9676\u74f7\u70ba\u4e3b\u984c\u7684\u5c08\u696d\u535a\u7269\u9928\u3002\u9676\u535a\u9928\u7684\u5efa\u7bc9\u5f62\u5f0f\u662f\u4ee5\u6e05\u6c34\u6a21\u548c\u92fc\u9aa8\u5448\u73fe\u7684\u7070\u8272\u7cfb\u5916\u89c0\uff0c\u7a7a\u9593\u6311\u9ad8\u8207\u984f\u8272\u7d20\u6de8\u7684\u8a2d\u8a08\uff0c\u4ee5\u53ca\u5927\u9762\u7a4d\u7684\u73bb\u7483\u5e37\u5e55\uff0c\u8b93\u5916\u982d\u7051\u843d\u9032\u4f86\u7684\u81ea\u7136\u5149\uff0c\u5728\u6e05\u6c34\u6df7\u51dd\u571f\u3001\u6d17\u77f3\u5b50\u7684\u7246\u9762\u3001\u7070\u8272\u7684\u77f3\u6750\u3001\u68d5\u8910\u8272\u7684\u6728\u982d\u6240\u7d44\u5408\u800c\u6210\u7684\u9023\u7e8c\u3001\u5c64\u6b21\u8c50\u5bcc\u7684\u7a7a\u9593\u4e2d\u5c55\u73fe\u5149\u7dda\u900f\u5c04\u7684\u5404\u7a2e\u6548\u679c\uff0c\u8b93\u5ba4\u5167\u7684\u9676\u85dd\u5c55\u54c1\u96a8\u8457\u967d\u5149\u7684\u8b8a\u5316\uff0c\u5448\u73fe\u51fa\u8c50\u5bcc\u7684\u8cea\u611f\u8207\u9762\u8c8c\u3002<\/p>\r\n<\/td>\r\n<\/tr>\r\n<\/tbody>\r\n<\/table>\r\n<p>&nbsp;<\/p>","_zh_post_name":"siege-du-congres","_zh_post_excerpt":"IAC\u6703\u54e1\u4e3b\u984c\u5c55\u53ca\u6703\u54e1\u5c0f\u54c1\u5c55\u5c07\u5728\u65b0\u5317\u5e02\u7acb\u9daf\u6b4c\u9676\u74f7\u535a\u7269\u9928\u8209\u884c\u3002","_zh_post_title":"\u6703\u8b70\u7e3d\u90e8","edit_language":"zh","footnotes":""},"class_list":["post-93","page","type-page","status-publish","has-post-thumbnail","hentry"],"_links":{"self":[{"href":"https:\/\/new-taipei-city2018.aic-iac.org\/zh\/wp-json\/wp\/v2\/pages\/93","targetHints":{"allow":["GET"]}}],"collection":[{"href":"https:\/\/new-taipei-city2018.aic-iac.org\/zh\/wp-json\/wp\/v2\/pages"}],"about":[{"href":"https:\/\/new-taipei-city2018.aic-iac.org\/zh\/wp-json\/wp\/v2\/types\/page"}],"author":[{"embeddable":true,"href":"https:\/\/new-taipei-city2018.aic-iac.org\/zh\/wp-json\/wp\/v2\/users\/4"}],"replies":[{"embeddable":true,"href":"https:\/\/new-taipei-city2018.aic-iac.org\/zh\/wp-json\/wp\/v2\/comments?post=93"}],"version-history":[{"count":9,"href":"https:\/\/new-taipei-city2018.aic-iac.org\/zh\/wp-json\/wp\/v2\/pages\/93\/revisions"}],"predecessor-version":[{"id":167,"href":"https:\/\/new-taipei-city2018.aic-iac.org\/zh\/wp-json\/wp\/v2\/pages\/93\/revisions\/167"}],"up":[{"embeddable":true,"href":"https:\/\/new-taipei-city2018.aic-iac.org\/zh\/wp-json\/wp\/v2\/pages\/2"}],"wp:featuredmedia":[{"embeddable":true,"href":"https:\/\/new-taipei-city2018.aic-iac.org\/zh\/wp-json\/wp\/v2\/media\/104"}],"wp:attachment":[{"href":"https:\/\/new-taipei-city2018.aic-iac.org\/zh\/wp-json\/wp\/v2\/media?parent=93"}],"curies":[{"name":"wp","href":"https:\/\/api.w.org\/{rel}","templated":true}]}}